{"id":2038,"date":"2024-11-09T17:22:53","date_gmt":"2024-11-09T17:22:53","guid":{"rendered":"https:\/\/softstepshoes.com\/?page_id=2038"},"modified":"2024-11-09T17:22:53","modified_gmt":"2024-11-09T17:22:53","slug":"declaracao-de-direitos-de-acesso","status":"publish","type":"page","link":"https:\/\/softstepshoes.com\/pt\/declaracao-de-direitos-de-acesso\/","title":{"rendered":"Declara\u00e7\u00e3o de direitos de acesso"},"content":{"rendered":"<h4 class=\"wp-block-heading\">Introdu\u00e7\u00e3o<\/h4>\n\n\n\n<p>Esta Declara\u00e7\u00e3o de Direitos de Acesso descreve os termos e condi\u00e7\u00f5es relativos ao acesso ao site da Softstep (<a href=\"https:\/\/softstepshoes.com\/pt\/\" target=\"_blank\" rel=\"noreferrer noopener\">https:\/\/softstepshoes.com\/<\/a>) e os nossos servi\u00e7os associados. \u00c9 importante que todos os utilizadores, incluindo os nossos valiosos parceiros comerciais, compreendam estes direitos e obriga\u00e7\u00f5es.<\/p>\n\n\n\n<h4 class=\"wp-block-heading\">Acesso do utilizador<\/h4>\n\n\n\n<ol class=\"wp-block-list\">\n<li><strong>Utilizadores autorizados<\/strong><br>O acesso ao nosso website e \u00e0s suas funcionalidades \u00e9 restrito apenas a utilizadores autorizados. Estes incluem clientes empresariais registados, potenciais clientes que tenham recebido a devida autoriza\u00e7\u00e3o durante o processo de venda e os nossos funcion\u00e1rios internos e parceiros envolvidos na opera\u00e7\u00e3o e gest\u00e3o do website. As tentativas de acesso n\u00e3o autorizado s\u00e3o estritamente proibidas.<\/li>\n\n\n\n<li><strong>Registo e in\u00edcio de sess\u00e3o<\/strong><br>Os utilizadores registados s\u00e3o obrigados a fornecer informa\u00e7\u00f5es exactas e actualizadas durante o processo de registo. A cada utilizador ser\u00e1 atribu\u00eddo um nome de utilizador e uma palavra-passe \u00fanicos, que devem ser mantidos confidenciais. Os utilizadores s\u00e3o respons\u00e1veis por todas as actividades realizadas com as suas credenciais de in\u00edcio de sess\u00e3o.<\/li>\n\n\n\n<li><strong>Acesso limitado para visitantes n\u00e3o autorizados<\/strong><br>Algumas partes do nosso s\u00edtio Web podem estar acess\u00edveis ao p\u00fablico em geral, como as p\u00e1ginas de informa\u00e7\u00f5es sobre produtos. No entanto, determinadas funcionalidades, incluindo a realiza\u00e7\u00e3o de encomendas, o acesso a dados espec\u00edficos do cliente e a participa\u00e7\u00e3o em discuss\u00f5es relacionadas com o neg\u00f3cio, s\u00f3 est\u00e3o dispon\u00edveis para utilizadores autorizados. Os visitantes n\u00e3o autorizados poder\u00e3o n\u00e3o ser capazes de realizar estas ac\u00e7\u00f5es.<\/li>\n<\/ol>\n\n\n\n<h4 class=\"wp-block-heading\">Acesso aos dados e privacidade<\/h4>\n\n\n\n<ol class=\"wp-block-list\">\n<li><strong>Prote\u00e7\u00e3o dos dados dos clientes<\/strong><br>Respeitamos a privacidade dos dados dos nossos clientes. O acesso a informa\u00e7\u00f5es relacionadas com o cliente, tais como detalhes de contacto, hist\u00f3rico de encomendas e informa\u00e7\u00f5es de pagamento, est\u00e1 limitado a pessoal autorizado da nossa empresa que tenha uma necessidade comercial leg\u00edtima para esse acesso. Implement\u00e1mos medidas de seguran\u00e7a rigorosas para proteger estes dados contra acesso n\u00e3o autorizado, divulga\u00e7\u00e3o ou utiliza\u00e7\u00e3o indevida.<\/li>\n\n\n\n<li><strong>Partilha de dados e acesso de terceiros<\/strong><br>Em alguns casos, podemos partilhar determinados dados com parceiros terceiros de confian\u00e7a, como transportadoras ou processadores de pagamentos, para facilitar o bom funcionamento da nossa atividade. No entanto, estes terceiros est\u00e3o vinculados por acordos de confidencialidade rigorosos e s\u00f3 est\u00e3o autorizados a aceder aos dados necess\u00e1rios para os servi\u00e7os espec\u00edficos que prestam. N\u00e3o vendemos ou alugamos os dados dos clientes a quaisquer outras entidades sem o seu consentimento pr\u00e9vio.<\/li>\n\n\n\n<li><strong>Acesso aos dados controlado pelo utilizador<\/strong><br>Os utilizadores t\u00eam o direito de aceder, atualizar ou eliminar as informa\u00e7\u00f5es da sua pr\u00f3pria conta dentro do \u00e2mbito permitido pelo nosso sistema. Se tiver alguma d\u00favida sobre o acesso aos seus dados pessoais ou comerciais, contacte o nosso servi\u00e7o de apoio ao cliente.<\/li>\n<\/ol>\n\n\n\n<h4 class=\"wp-block-heading\">Acesso \u00e0 propriedade intelectual<\/h4>\n\n\n\n<ol class=\"wp-block-list\">\n<li><strong>Conte\u00fado e design do s\u00edtio Web<\/strong><br>Todo o conte\u00fado do nosso website, incluindo texto, imagens, log\u00f3tipos, designs de produtos e c\u00f3digo de software, est\u00e1 protegido por leis de propriedade intelectual. O acesso, a reprodu\u00e7\u00e3o, a distribui\u00e7\u00e3o ou a modifica\u00e7\u00e3o n\u00e3o autorizados desta propriedade intelectual s\u00e3o proibidos. Os utilizadores s\u00f3 podem aceder e utilizar este conte\u00fado de acordo com os termos desta declara\u00e7\u00e3o e conforme permitido pela lei aplic\u00e1vel.<\/li>\n\n\n\n<li><strong>Informa\u00e7\u00f5es e especifica\u00e7\u00f5es do produto<\/strong><br>O acesso \u00e0s informa\u00e7\u00f5es e especifica\u00e7\u00f5es dos produtos \u00e9 fornecido com o objetivo de facilitar as transac\u00e7\u00f5es comerciais. No entanto, estas informa\u00e7\u00f5es n\u00e3o devem ser utilizadas para quaisquer outros fins, como a engenharia inversa dos nossos produtos ou a cria\u00e7\u00e3o de produtos concorrentes, sem o nosso consentimento pr\u00e9vio por escrito.<\/li>\n<\/ol>\n\n\n\n<h4 class=\"wp-block-heading\">Controlo e execu\u00e7\u00e3o<\/h4>\n\n\n\n<ol class=\"wp-block-list\">\n<li><strong>Monitoriza\u00e7\u00e3o do sistema<\/strong><br>Podemos monitorizar o acesso dos utilizadores ao nosso s\u00edtio Web e sistemas para garantir a conformidade com esta Declara\u00e7\u00e3o de Direitos de Acesso, bem como para proteger a seguran\u00e7a e a integridade da nossa rede. Isto pode incluir o acompanhamento das actividades do utilizador, tais como tentativas de in\u00edcio de sess\u00e3o, visualiza\u00e7\u00f5es de p\u00e1ginas e padr\u00f5es de acesso a dados. Quaisquer actividades suspeitas ou n\u00e3o autorizadas ser\u00e3o investigadas.<\/li>\n\n\n\n<li><strong>Aplica\u00e7\u00e3o dos direitos<\/strong><br>Em caso de viola\u00e7\u00e3o destes direitos de acesso, reservamo-nos o direito de tomar as medidas legais e t\u00e9cnicas adequadas. Estas podem incluir a restri\u00e7\u00e3o ou cessa\u00e7\u00e3o do acesso do utilizador, a procura de indemniza\u00e7\u00f5es ou a tomada de outras medidas permitidas por lei para proteger os nossos interesses comerciais e os direitos dos nossos utilizadores.<\/li>\n<\/ol>\n\n\n\n<h4 class=\"wp-block-heading\">Altera\u00e7\u00f5es \u00e0 declara\u00e7\u00e3o dos direitos de acesso<\/h4>\n\n\n\n<p>Reservamo-nos o direito de atualizar periodicamente a presente Declara\u00e7\u00e3o de Direitos de Acesso. Os utilizadores ser\u00e3o notificados de quaisquer altera\u00e7\u00f5es significativas atrav\u00e9s dos meios adequados, como an\u00fancios no s\u00edtio Web ou notifica\u00e7\u00f5es por correio eletr\u00f3nico. \u00c9 da responsabilidade de todos os utilizadores reverem esta declara\u00e7\u00e3o periodicamente para se manterem informados de quaisquer altera\u00e7\u00f5es.<\/p>\n\n\n\n<p>Ao utilizar o nosso s\u00edtio Web e os nossos servi\u00e7os, o utilizador reconhece e aceita ficar vinculado aos termos da presente Declara\u00e7\u00e3o de Direitos de Acesso.<\/p>","protected":false},"excerpt":{"rendered":"<p>Introdu\u00e7\u00e3o Esta Declara\u00e7\u00e3o de Direitos de Acesso descreve os termos e condi\u00e7\u00f5es relativos ao acesso ao site da Softstep.<\/p>","protected":false},"author":1,"featured_media":0,"parent":0,"menu_order":0,"comment_status":"closed","ping_status":"closed","template":"","meta":{"footnotes":""},"class_list":["post-2038","page","type-page","status-publish","hentry","_wholesalex wsx-wholesalex-product"],"yoast_head":"<!-- This site is optimized with the Yoast SEO Premium plugin v23.7 (Yoast SEO v23.7) - https:\/\/yoast.com\/wordpress\/plugins\/seo\/ -->\n<title>Access Rights Statement - Softstepshoes<\/title>\n<meta name=\"robots\" content=\"index, follow, max-snippet:-1, max-image-preview:large, max-video-preview:-1\" \/>\n<link rel=\"canonical\" href=\"https:\/\/softstepshoes.com\/pt\/declaracao-de-direitos-de-acesso\/\" \/>\n<meta property=\"og:locale\" content=\"pt_PT\" \/>\n<meta property=\"og:type\" content=\"article\" \/>\n<meta property=\"og:title\" content=\"Access Rights Statement\" \/>\n<meta property=\"og:description\" content=\"Introduction This Access Rights Statement outlines the terms and conditions regarding access to the Softstep website.\" \/>\n<meta property=\"og:url\" content=\"https:\/\/softstepshoes.com\/pt\/declaracao-de-direitos-de-acesso\/\" \/>\n<meta property=\"og:site_name\" content=\"Softstepshoes\" \/>\n<meta name=\"twitter:card\" content=\"summary_large_image\" \/>\n<meta name=\"twitter:label1\" content=\"Est. reading time\" \/>\n\t<meta name=\"twitter:data1\" content=\"3 minutos\" \/>\n<script type=\"application\/ld+json\" class=\"yoast-schema-graph\">{\"@context\":\"https:\/\/schema.org\",\"@graph\":[{\"@type\":\"WebPage\",\"@id\":\"https:\/\/softstepshoes.com\/access-rights-statement\/\",\"url\":\"https:\/\/softstepshoes.com\/access-rights-statement\/\",\"name\":\"Access Rights Statement - Softstepshoes\",\"isPartOf\":{\"@id\":\"https:\/\/softstepshoes.com\/#website\"},\"datePublished\":\"2024-11-09T17:22:53+00:00\",\"dateModified\":\"2024-11-09T17:22:53+00:00\",\"breadcrumb\":{\"@id\":\"https:\/\/softstepshoes.com\/access-rights-statement\/#breadcrumb\"},\"inLanguage\":\"pt-PT\",\"potentialAction\":[{\"@type\":\"ReadAction\",\"target\":[\"https:\/\/softstepshoes.com\/access-rights-statement\/\"]}]},{\"@type\":\"BreadcrumbList\",\"@id\":\"https:\/\/softstepshoes.com\/access-rights-statement\/#breadcrumb\",\"itemListElement\":[{\"@type\":\"ListItem\",\"position\":1,\"name\":\"Home\",\"item\":\"https:\/\/softstepshoes.com\/\"},{\"@type\":\"ListItem\",\"position\":2,\"name\":\"Access Rights Statement\"}]},{\"@type\":\"WebSite\",\"@id\":\"https:\/\/softstepshoes.com\/#website\",\"url\":\"https:\/\/softstepshoes.com\/\",\"name\":\"Softstepshoes\",\"description\":\"\",\"publisher\":{\"@id\":\"https:\/\/softstepshoes.com\/#organization\"},\"potentialAction\":[{\"@type\":\"SearchAction\",\"target\":{\"@type\":\"EntryPoint\",\"urlTemplate\":\"https:\/\/softstepshoes.com\/?s={search_term_string}\"},\"query-input\":{\"@type\":\"PropertyValueSpecification\",\"valueRequired\":true,\"valueName\":\"search_term_string\"}}],\"inLanguage\":\"pt-PT\"},{\"@type\":\"Organization\",\"@id\":\"https:\/\/softstepshoes.com\/#organization\",\"name\":\"Softstepshoes\",\"url\":\"https:\/\/softstepshoes.com\/\",\"logo\":{\"@type\":\"ImageObject\",\"inLanguage\":\"pt-PT\",\"@id\":\"https:\/\/softstepshoes.com\/#\/schema\/logo\/image\/\",\"url\":\"https:\/\/softstepshoes.com\/wp-content\/uploads\/2024\/11\/logo.png\",\"contentUrl\":\"https:\/\/softstepshoes.com\/wp-content\/uploads\/2024\/11\/logo.png\",\"width\":350,\"height\":108,\"caption\":\"Softstepshoes\"},\"image\":{\"@id\":\"https:\/\/softstepshoes.com\/#\/schema\/logo\/image\/\"}}]}<\/script>\n<!-- \/ Yoast SEO Premium plugin. -->","yoast_head_json":{"title":"Declara\u00e7\u00e3o de direitos de acesso - Softstepshoes","robots":{"index":"index","follow":"follow","max-snippet":"max-snippet:-1","max-image-preview":"max-image-preview:large","max-video-preview":"max-video-preview:-1"},"canonical":"https:\/\/softstepshoes.com\/pt\/declaracao-de-direitos-de-acesso\/","og_locale":"pt_PT","og_type":"article","og_title":"Access Rights Statement","og_description":"Introduction This Access Rights Statement outlines the terms and conditions regarding access to the Softstep website.","og_url":"https:\/\/softstepshoes.com\/pt\/declaracao-de-direitos-de-acesso\/","og_site_name":"Softstepshoes","twitter_card":"summary_large_image","twitter_misc":{"Est. reading time":"3 minutos"},"schema":{"@context":"https:\/\/schema.org","@graph":[{"@type":"WebPage","@id":"https:\/\/softstepshoes.com\/access-rights-statement\/","url":"https:\/\/softstepshoes.com\/access-rights-statement\/","name":"Declara\u00e7\u00e3o de direitos de acesso - Softstepshoes","isPartOf":{"@id":"https:\/\/softstepshoes.com\/#website"},"datePublished":"2024-11-09T17:22:53+00:00","dateModified":"2024-11-09T17:22:53+00:00","breadcrumb":{"@id":"https:\/\/softstepshoes.com\/access-rights-statement\/#breadcrumb"},"inLanguage":"pt-PT","potentialAction":[{"@type":"ReadAction","target":["https:\/\/softstepshoes.com\/access-rights-statement\/"]}]},{"@type":"BreadcrumbList","@id":"https:\/\/softstepshoes.com\/access-rights-statement\/#breadcrumb","itemListElement":[{"@type":"ListItem","position":1,"name":"Home","item":"https:\/\/softstepshoes.com\/"},{"@type":"ListItem","position":2,"name":"Access Rights Statement"}]},{"@type":"WebSite","@id":"https:\/\/softstepshoes.com\/#website","url":"https:\/\/softstepshoes.com\/","name":"Sapatos de salto alto","description":"","publisher":{"@id":"https:\/\/softstepshoes.com\/#organization"},"potentialAction":[{"@type":"SearchAction","target":{"@type":"EntryPoint","urlTemplate":"https:\/\/softstepshoes.com\/?s={search_term_string}"},"query-input":{"@type":"PropertyValueSpecification","valueRequired":true,"valueName":"search_term_string"}}],"inLanguage":"pt-PT"},{"@type":"Organization","@id":"https:\/\/softstepshoes.com\/#organization","name":"Sapatos de salto alto","url":"https:\/\/softstepshoes.com\/","logo":{"@type":"ImageObject","inLanguage":"pt-PT","@id":"https:\/\/softstepshoes.com\/#\/schema\/logo\/image\/","url":"https:\/\/softstepshoes.com\/wp-content\/uploads\/2024\/11\/logo.png","contentUrl":"https:\/\/softstepshoes.com\/wp-content\/uploads\/2024\/11\/logo.png","width":350,"height":108,"caption":"Softstepshoes"},"image":{"@id":"https:\/\/softstepshoes.com\/#\/schema\/logo\/image\/"}}]}},"jetpack_sharing_enabled":true,"_links":{"self":[{"href":"https:\/\/softstepshoes.com\/pt\/wp-json\/wp\/v2\/pages\/2038","targetHints":{"allow":["GET"]}}],"collection":[{"href":"https:\/\/softstepshoes.com\/pt\/wp-json\/wp\/v2\/pages"}],"about":[{"href":"https:\/\/softstepshoes.com\/pt\/wp-json\/wp\/v2\/types\/page"}],"author":[{"embeddable":true,"href":"https:\/\/softstepshoes.com\/pt\/wp-json\/wp\/v2\/users\/1"}],"replies":[{"embeddable":true,"href":"https:\/\/softstepshoes.com\/pt\/wp-json\/wp\/v2\/comments?post=2038"}],"version-history":[{"count":1,"href":"https:\/\/softstepshoes.com\/pt\/wp-json\/wp\/v2\/pages\/2038\/revisions"}],"predecessor-version":[{"id":2039,"href":"https:\/\/softstepshoes.com\/pt\/wp-json\/wp\/v2\/pages\/2038\/revisions\/2039"}],"wp:attachment":[{"href":"https:\/\/softstepshoes.com\/pt\/wp-json\/wp\/v2\/media?parent=2038"}],"curies":[{"name":"wp","href":"https:\/\/api.w.org\/{rel}","templated":true}]}}