{"id":2032,"date":"2024-11-09T17:19:15","date_gmt":"2024-11-09T17:19:15","guid":{"rendered":"https:\/\/softstepshoes.com\/?page_id=2032"},"modified":"2024-11-13T14:07:23","modified_gmt":"2024-11-13T14:07:23","slug":"guia-de-tamanhos","status":"publish","type":"page","link":"https:\/\/softstepshoes.com\/pt\/guia-de-tamanhos\/","title":{"rendered":"Guia de tamanhos"},"content":{"rendered":"<h4 class=\"wp-block-heading\">Introdu\u00e7\u00e3o<\/h4>\n\n\n\n<p>Na Softstep, compreendemos a import\u00e2ncia de obter o tamanho de cal\u00e7ado correto para o seu conforto e satisfa\u00e7\u00e3o. Para o ajudar a fazer a melhor escolha, prepar\u00e1mos este guia de tamanhos completo para os nossos v\u00e1rios tipos de sapatos.<\/p>\n\n\n\n<figure class=\"wp-block-image size-large\"><img loading=\"lazy\" decoding=\"async\" width=\"819\" height=\"1024\" src=\"https:\/\/softstepshoes.com\/wp-content\/uploads\/2024\/11\/1-819x1024.jpg\" alt=\"\" class=\"wp-image-2128\" srcset=\"https:\/\/softstepshoes.com\/wp-content\/uploads\/2024\/11\/1-819x1024.jpg 819w, https:\/\/softstepshoes.com\/wp-content\/uploads\/2024\/11\/1-240x300.jpg 240w, https:\/\/softstepshoes.com\/wp-content\/uploads\/2024\/11\/1-768x960.jpg 768w, https:\/\/softstepshoes.com\/wp-content\/uploads\/2024\/11\/1-1229x1536.jpg 1229w, https:\/\/softstepshoes.com\/wp-content\/uploads\/2024\/11\/1-1638x2048.jpg 1638w, https:\/\/softstepshoes.com\/wp-content\/uploads\/2024\/11\/1-10x12.jpg 10w, https:\/\/softstepshoes.com\/wp-content\/uploads\/2024\/11\/1-600x750.jpg 600w, https:\/\/softstepshoes.com\/wp-content\/uploads\/2024\/11\/1-1x1.jpg 1w, https:\/\/softstepshoes.com\/wp-content\/uploads\/2024\/11\/1-8x10.jpg 8w, https:\/\/softstepshoes.com\/wp-content\/uploads\/2024\/11\/1-scaled.jpg 2048w\" sizes=\"auto, (max-width: 819px) 100vw, 819px\" \/><\/figure>\n\n\n\n<figure class=\"wp-block-image size-large\"><img loading=\"lazy\" decoding=\"async\" width=\"1024\" height=\"620\" src=\"https:\/\/softstepshoes.com\/wp-content\/uploads\/2024\/11\/2-1024x620.jpg\" alt=\"\" class=\"wp-image-2130\" srcset=\"https:\/\/softstepshoes.com\/wp-content\/uploads\/2024\/11\/2-1024x620.jpg 1024w, https:\/\/softstepshoes.com\/wp-content\/uploads\/2024\/11\/2-300x182.jpg 300w, https:\/\/softstepshoes.com\/wp-content\/uploads\/2024\/11\/2-768x465.jpg 768w, https:\/\/softstepshoes.com\/wp-content\/uploads\/2024\/11\/2-1536x930.jpg 1536w, https:\/\/softstepshoes.com\/wp-content\/uploads\/2024\/11\/2-2048x1240.jpg 2048w, https:\/\/softstepshoes.com\/wp-content\/uploads\/2024\/11\/2-18x12.jpg 18w, https:\/\/softstepshoes.com\/wp-content\/uploads\/2024\/11\/2-600x363.jpg 600w, https:\/\/softstepshoes.com\/wp-content\/uploads\/2024\/11\/2-1x1.jpg 1w, https:\/\/softstepshoes.com\/wp-content\/uploads\/2024\/11\/2-10x6.jpg 10w\" sizes=\"auto, (max-width: 1024px) 100vw, 1024px\" \/><\/figure>\n\n\n\n<h4 class=\"wp-block-heading\">Guia de tamanhos de chinelos<\/h4>\n\n\n\n<ul class=\"wp-block-list\">\n<li><strong>Medi\u00e7\u00e3o do comprimento<\/strong>: Medir o comprimento do p\u00e9 desde o calcanhar at\u00e9 ao dedo mais comprido do p\u00e9. Para as nossas pantufas, se o comprimento do seu p\u00e9 estiver dentro dos seguintes intervalos, pode escolher o tamanho correspondente:\n<ul class=\"wp-block-list\">\n<li>Tamanho 36: Comprimento do p\u00e9 230 - 235 mm.<\/li>\n\n\n\n<li>Tamanho 37: Comprimento do p\u00e9 236 - 240mm.<\/li>\n\n\n\n<li>Tamanho 38: Comprimento do p\u00e9 241 - 245 mm.<\/li>\n\n\n\n<li>Tamanho 39: Comprimento do p\u00e9 246 - 250mm.<\/li>\n\n\n\n<li>Tamanho 40: Comprimento do p\u00e9 251 - 255mm.<\/li>\n\n\n\n<li>Tamanho 41: Comprimento do p\u00e9 256 - 260mm.<\/li>\n\n\n\n<li>Tamanho 42: Comprimento do p\u00e9 261 - 265mm.<\/li>\n\n\n\n<li>Tamanho 43: Comprimento do p\u00e9 266 - 270 mm.<\/li>\n\n\n\n<li>Tamanho 44: Comprimento do p\u00e9 271 - 275mm.<\/li>\n<\/ul>\n<\/li>\n\n\n\n<li><strong>Considera\u00e7\u00f5es sobre a largura<\/strong>: Os nossos chinelos t\u00eam geralmente uma largura normal. No entanto, se tiver p\u00e9s particularmente largos ou estreitos, contacte o nosso servi\u00e7o de apoio ao cliente para obter mais conselhos.<\/li>\n<\/ul>\n\n\n\n<h4 class=\"wp-block-heading\">Guia de tamanhos de tamancos<\/h4>\n\n\n\n<ul class=\"wp-block-list\">\n<li><strong>Para tamancos com correias ajust\u00e1veis<\/strong>:\n<ul class=\"wp-block-list\">\n<li>Me\u00e7a o comprimento do seu p\u00e9 como descrito acima. Ao escolher o tamanho, tenha em conta que estes tamancos t\u00eam alguma capacidade de ajuste. Se o comprimento do seu p\u00e9 estiver pr\u00f3ximo do limite superior de um tamanho, a correia ajust\u00e1vel pode proporcionar um conforto extra e um melhor ajuste. Por exemplo:\n<ul class=\"wp-block-list\">\n<li>Tamancos ajust\u00e1veis tamanho 36 - 37: adequados para p\u00e9s com comprimento entre 230 e 240 mm.<\/li>\n\n\n\n<li>Tamanho 38 - 39 tamanco ajust\u00e1vel: adequado para p\u00e9s com comprimento entre 241 e 250 mm.<\/li>\n\n\n\n<li>Tamanhos 40 - 41 ajust\u00e1veis: adequado para p\u00e9s com comprimento entre 251 - 260 mm.<\/li>\n\n\n\n<li>Tamanhos 42 - 43 de tamancos ajust\u00e1veis: adequados para p\u00e9s de 261 - 270 mm.<\/li>\n<\/ul>\n<\/li>\n\n\n\n<li>A largura da sola do tamanco foi concebida para se adaptar \u00e0 maioria das larguras dos p\u00e9s, mas, mais uma vez, se tiver requisitos especiais em termos de largura, contacte-nos.<\/li>\n<\/ul>\n<\/li>\n\n\n\n<li><strong>Para entupimentos regulares<\/strong>:\n<ul class=\"wp-block-list\">\n<li>Seguir o mesmo princ\u00edpio de medi\u00e7\u00e3o do comprimento do p\u00e9. Os nossos tamanhos normais de tamancos s\u00e3o os seguintes:\n<ul class=\"wp-block-list\">\n<li>Tamanho 36: Comprimento do p\u00e9 230 - 235 mm.<\/li>\n\n\n\n<li>Tamanho 37: Comprimento do p\u00e9 236 - 240mm.<\/li>\n\n\n\n<li>Tamanho 38: Comprimento do p\u00e9 241 - 245 mm.<\/li>\n\n\n\n<li>Tamanho 39: Comprimento do p\u00e9 246 - 250mm.<\/li>\n\n\n\n<li>Tamanho 40: Comprimento do p\u00e9 251 - 255mm.<\/li>\n\n\n\n<li>Tamanho 41: Comprimento do p\u00e9 256 - 260mm.<\/li>\n\n\n\n<li>Tamanho 42: Comprimento do p\u00e9 261 - 265mm.<\/li>\n\n\n\n<li>Tamanho 43: Comprimento do p\u00e9 266 - 270 mm.<\/li>\n\n\n\n<li>Tamanho 44: Comprimento do p\u00e9 271 - 275mm.<\/li>\n<\/ul>\n<\/li>\n<\/ul>\n<\/li>\n<\/ul>\n\n\n\n<h4 class=\"wp-block-heading\">Guia de tamanhos de chinelos<\/h4>\n\n\n\n<ul class=\"wp-block-list\">\n<li>Os nossos chinelos est\u00e3o dispon\u00edveis em tamanhos normalizados em fun\u00e7\u00e3o do comprimento do p\u00e9. \u00c0 semelhan\u00e7a dos chinelos, os tamanhos variam:\n<ul class=\"wp-block-list\">\n<li>Tamanho 36: Comprimento do p\u00e9 230 - 235 mm.<\/li>\n\n\n\n<li>Tamanho 37: Comprimento do p\u00e9 236 - 240mm.<\/li>\n\n\n\n<li>Tamanho 38: Comprimento do p\u00e9 241 - 245 mm.<\/li>\n\n\n\n<li>Tamanho 39: Comprimento do p\u00e9 246 - 250mm.<\/li>\n\n\n\n<li>Tamanho 40: Comprimento do p\u00e9 251 - 255mm.<\/li>\n\n\n\n<li>Tamanho 41: Comprimento do p\u00e9 256 - 260mm.<\/li>\n\n\n\n<li>Tamanho 42: Comprimento do p\u00e9 261 - 265mm.<\/li>\n\n\n\n<li>Tamanho 43: Comprimento do p\u00e9 266 - 270 mm.<\/li>\n\n\n\n<li>Tamanho 44: Comprimento do p\u00e9 271 - 275mm.<\/li>\n<\/ul>\n<\/li>\n\n\n\n<li>Note-se que a parte da tanga dos chinelos deve caber confortavelmente entre os dedos dos p\u00e9s sem estar demasiado apertada ou demasiado solta.<\/li>\n<\/ul>\n\n\n\n<h4 class=\"wp-block-heading\">Guia de tamanhos de botas de chuva<\/h4>\n\n\n\n<ul class=\"wp-block-list\">\n<li>Para escolher o tamanho das botas de chuva, me\u00e7a o comprimento do seu p\u00e9 com as meias mais grossas que tenciona usar com as botas. As gamas de tamanhos s\u00e3o:\n<ul class=\"wp-block-list\">\n<li>Tamanho 36: Comprimento do p\u00e9 (com meias) 230 - 235 mm.<\/li>\n\n\n\n<li>Tamanho 37: Comprimento do p\u00e9 (com meias) 236 - 240mm.<\/li>\n\n\n\n<li>Tamanho 38: Comprimento do p\u00e9 (com meias) 241 - 245mm.<\/li>\n\n\n\n<li>Tamanho 39: Comprimento do p\u00e9 (com meias) 246 - 250mm.<\/li>\n\n\n\n<li>Tamanho 40: Comprimento do p\u00e9 (com meias) 251 - 255mm.<\/li>\n\n\n\n<li>Tamanho 41: Comprimento do p\u00e9 (com meias) 256 - 260mm.<\/li>\n\n\n\n<li>Tamanho 42: Comprimento do p\u00e9 (com meias) 261 - 265mm.<\/li>\n\n\n\n<li>Tamanho 43: Comprimento do p\u00e9 (com meias) 266 - 270 mm.<\/li>\n\n\n\n<li>Tamanho 44: Comprimento do p\u00e9 (com meias) 271 - 275mm.<\/li>\n<\/ul>\n<\/li>\n\n\n\n<li>Certifique-se de que existe espa\u00e7o suficiente na bota para que os seus p\u00e9s se movam confortavelmente, especialmente na zona da barriga da perna se as botas forem altas.<\/li>\n<\/ul>\n\n\n\n<h4 class=\"wp-block-heading\">Guia de tamanhos de chinelos de algod\u00e3o<\/h4>\n\n\n\n<ul class=\"wp-block-list\">\n<li>A sele\u00e7\u00e3o do tamanho das pantufas de algod\u00e3o \u00e9 semelhante \u00e0 das pantufas normais. Me\u00e7a o comprimento do seu p\u00e9 e consulte a seguinte tabela de tamanhos:\n<ul class=\"wp-block-list\">\n<li>Tamanho 36: Comprimento do p\u00e9 230 - 235 mm.<\/li>\n\n\n\n<li>Tamanho 37: Comprimento do p\u00e9 236 - 240mm.<\/li>\n\n\n\n<li>Tamanho 38: Comprimento do p\u00e9 241 - 245 mm.<\/li>\n\n\n\n<li>Tamanho 39: Comprimento do p\u00e9 246 - 250mm.<\/li>\n\n\n\n<li>Tamanho 40: Comprimento do p\u00e9 251 - 255mm.<\/li>\n\n\n\n<li>Tamanho 41: Comprimento do p\u00e9 256 - 260mm.<\/li>\n\n\n\n<li>Tamanho 42: Comprimento do p\u00e9 261 - 265mm.<\/li>\n\n\n\n<li>Tamanho 43: Comprimento do p\u00e9 266 - 270 mm.<\/li>\n\n\n\n<li>Tamanho 44: Comprimento do p\u00e9 271 - 275mm.<\/li>\n<\/ul>\n<\/li>\n\n\n\n<li>A natureza macia e quente das pantufas de algod\u00e3o significa que um ajuste correto \u00e9 crucial para o conforto durante a utiliza\u00e7\u00e3o.<\/li>\n<\/ul>\n\n\n\n<h4 class=\"wp-block-heading\">Dicas finais<\/h4>\n\n\n\n<ul class=\"wp-block-list\">\n<li>Se estiver entre dois tamanhos, recomendamos geralmente que escolha o tamanho maior para um ajuste mais confort\u00e1vel, especialmente para sapatos que possa usar com meias.<\/li>\n\n\n\n<li>Se tiver d\u00favidas sobre o tamanho, n\u00e3o hesite em contactar o nosso servi\u00e7o de apoio ao cliente. Teremos todo o gosto em ajud\u00e1-lo a selecionar o tamanho certo para os seus sapatos Softstep.<\/li>\n<\/ul>","protected":false},"excerpt":{"rendered":"<p>Introdu\u00e7\u00e3o Na Softstep, compreendemos a import\u00e2ncia de obter o tamanho de sapato correto para o seu conforto.<\/p>","protected":false},"author":1,"featured_media":0,"parent":0,"menu_order":0,"comment_status":"closed","ping_status":"closed","template":"","meta":{"footnotes":""},"class_list":["post-2032","page","type-page","status-publish","hentry","_wholesalex wsx-wholesalex-product"],"yoast_head":"<!-- This site is optimized with the Yoast SEO Premium plugin v23.7 (Yoast SEO v23.7) - https:\/\/yoast.com\/wordpress\/plugins\/seo\/ -->\n<title>Size Guide - Softstepshoes<\/title>\n<meta name=\"robots\" content=\"index, follow, max-snippet:-1, max-image-preview:large, max-video-preview:-1\" \/>\n<link rel=\"canonical\" href=\"https:\/\/softstepshoes.com\/pt\/guia-de-tamanhos\/\" \/>\n<meta property=\"og:locale\" content=\"pt_PT\" \/>\n<meta property=\"og:type\" content=\"article\" \/>\n<meta property=\"og:title\" content=\"Size Guide\" \/>\n<meta property=\"og:description\" content=\"Introduction At Softstep, we understand the importance of getting the right shoe size for your comfort.\" \/>\n<meta property=\"og:url\" content=\"https:\/\/softstepshoes.com\/pt\/guia-de-tamanhos\/\" \/>\n<meta property=\"og:site_name\" content=\"Softstepshoes\" \/>\n<meta property=\"article:modified_time\" content=\"2024-11-13T14:07:23+00:00\" \/>\n<meta property=\"og:image\" content=\"https:\/\/softstepshoes.com\/wp-content\/uploads\/2024\/11\/1-scaled.jpg\" \/>\n\t<meta property=\"og:image:width\" content=\"2048\" \/>\n\t<meta property=\"og:image:height\" content=\"2560\" \/>\n\t<meta property=\"og:image:type\" content=\"image\/jpeg\" \/>\n<meta name=\"twitter:card\" content=\"summary_large_image\" \/>\n<meta name=\"twitter:label1\" content=\"Est. reading time\" \/>\n\t<meta name=\"twitter:data1\" content=\"3 minutos\" \/>\n<script type=\"application\/ld+json\" class=\"yoast-schema-graph\">{\"@context\":\"https:\/\/schema.org\",\"@graph\":[{\"@type\":\"WebPage\",\"@id\":\"https:\/\/softstepshoes.com\/size-guide\/\",\"url\":\"https:\/\/softstepshoes.com\/size-guide\/\",\"name\":\"Size Guide - Softstepshoes\",\"isPartOf\":{\"@id\":\"https:\/\/softstepshoes.com\/#website\"},\"primaryImageOfPage\":{\"@id\":\"https:\/\/softstepshoes.com\/size-guide\/#primaryimage\"},\"image\":{\"@id\":\"https:\/\/softstepshoes.com\/size-guide\/#primaryimage\"},\"thumbnailUrl\":\"https:\/\/softstepshoes.com\/wp-content\/uploads\/2024\/11\/1-819x1024.jpg\",\"datePublished\":\"2024-11-09T17:19:15+00:00\",\"dateModified\":\"2024-11-13T14:07:23+00:00\",\"breadcrumb\":{\"@id\":\"https:\/\/softstepshoes.com\/size-guide\/#breadcrumb\"},\"inLanguage\":\"pt-PT\",\"potentialAction\":[{\"@type\":\"ReadAction\",\"target\":[\"https:\/\/softstepshoes.com\/size-guide\/\"]}]},{\"@type\":\"ImageObject\",\"inLanguage\":\"pt-PT\",\"@id\":\"https:\/\/softstepshoes.com\/size-guide\/#primaryimage\",\"url\":\"https:\/\/softstepshoes.com\/wp-content\/uploads\/2024\/11\/1-819x1024.jpg\",\"contentUrl\":\"https:\/\/softstepshoes.com\/wp-content\/uploads\/2024\/11\/1-819x1024.jpg\"},{\"@type\":\"BreadcrumbList\",\"@id\":\"https:\/\/softstepshoes.com\/size-guide\/#breadcrumb\",\"itemListElement\":[{\"@type\":\"ListItem\",\"position\":1,\"name\":\"Home\",\"item\":\"https:\/\/softstepshoes.com\/\"},{\"@type\":\"ListItem\",\"position\":2,\"name\":\"Size Guide\"}]},{\"@type\":\"WebSite\",\"@id\":\"https:\/\/softstepshoes.com\/#website\",\"url\":\"https:\/\/softstepshoes.com\/\",\"name\":\"Softstepshoes\",\"description\":\"\",\"publisher\":{\"@id\":\"https:\/\/softstepshoes.com\/#organization\"},\"potentialAction\":[{\"@type\":\"SearchAction\",\"target\":{\"@type\":\"EntryPoint\",\"urlTemplate\":\"https:\/\/softstepshoes.com\/?s={search_term_string}\"},\"query-input\":{\"@type\":\"PropertyValueSpecification\",\"valueRequired\":true,\"valueName\":\"search_term_string\"}}],\"inLanguage\":\"pt-PT\"},{\"@type\":\"Organization\",\"@id\":\"https:\/\/softstepshoes.com\/#organization\",\"name\":\"Softstepshoes\",\"url\":\"https:\/\/softstepshoes.com\/\",\"logo\":{\"@type\":\"ImageObject\",\"inLanguage\":\"pt-PT\",\"@id\":\"https:\/\/softstepshoes.com\/#\/schema\/logo\/image\/\",\"url\":\"https:\/\/softstepshoes.com\/wp-content\/uploads\/2024\/11\/logo.png\",\"contentUrl\":\"https:\/\/softstepshoes.com\/wp-content\/uploads\/2024\/11\/logo.png\",\"width\":350,\"height\":108,\"caption\":\"Softstepshoes\"},\"image\":{\"@id\":\"https:\/\/softstepshoes.com\/#\/schema\/logo\/image\/\"}}]}<\/script>\n<!-- \/ Yoast SEO Premium plugin. -->","yoast_head_json":{"title":"Guia de tamanhos - Softstepshoes","robots":{"index":"index","follow":"follow","max-snippet":"max-snippet:-1","max-image-preview":"max-image-preview:large","max-video-preview":"max-video-preview:-1"},"canonical":"https:\/\/softstepshoes.com\/pt\/guia-de-tamanhos\/","og_locale":"pt_PT","og_type":"article","og_title":"Size Guide","og_description":"Introduction At Softstep, we understand the importance of getting the right shoe size for your comfort.","og_url":"https:\/\/softstepshoes.com\/pt\/guia-de-tamanhos\/","og_site_name":"Softstepshoes","article_modified_time":"2024-11-13T14:07:23+00:00","og_image":[{"width":2048,"height":2560,"url":"https:\/\/softstepshoes.com\/wp-content\/uploads\/2024\/11\/1-scaled.jpg","type":"image\/jpeg"}],"twitter_card":"summary_large_image","twitter_misc":{"Est. reading time":"3 minutos"},"schema":{"@context":"https:\/\/schema.org","@graph":[{"@type":"WebPage","@id":"https:\/\/softstepshoes.com\/size-guide\/","url":"https:\/\/softstepshoes.com\/size-guide\/","name":"Guia de tamanhos - Softstepshoes","isPartOf":{"@id":"https:\/\/softstepshoes.com\/#website"},"primaryImageOfPage":{"@id":"https:\/\/softstepshoes.com\/size-guide\/#primaryimage"},"image":{"@id":"https:\/\/softstepshoes.com\/size-guide\/#primaryimage"},"thumbnailUrl":"https:\/\/softstepshoes.com\/wp-content\/uploads\/2024\/11\/1-819x1024.jpg","datePublished":"2024-11-09T17:19:15+00:00","dateModified":"2024-11-13T14:07:23+00:00","breadcrumb":{"@id":"https:\/\/softstepshoes.com\/size-guide\/#breadcrumb"},"inLanguage":"pt-PT","potentialAction":[{"@type":"ReadAction","target":["https:\/\/softstepshoes.com\/size-guide\/"]}]},{"@type":"ImageObject","inLanguage":"pt-PT","@id":"https:\/\/softstepshoes.com\/size-guide\/#primaryimage","url":"https:\/\/softstepshoes.com\/wp-content\/uploads\/2024\/11\/1-819x1024.jpg","contentUrl":"https:\/\/softstepshoes.com\/wp-content\/uploads\/2024\/11\/1-819x1024.jpg"},{"@type":"BreadcrumbList","@id":"https:\/\/softstepshoes.com\/size-guide\/#breadcrumb","itemListElement":[{"@type":"ListItem","position":1,"name":"Home","item":"https:\/\/softstepshoes.com\/"},{"@type":"ListItem","position":2,"name":"Size Guide"}]},{"@type":"WebSite","@id":"https:\/\/softstepshoes.com\/#website","url":"https:\/\/softstepshoes.com\/","name":"Sapatos de salto alto","description":"","publisher":{"@id":"https:\/\/softstepshoes.com\/#organization"},"potentialAction":[{"@type":"SearchAction","target":{"@type":"EntryPoint","urlTemplate":"https:\/\/softstepshoes.com\/?s={search_term_string}"},"query-input":{"@type":"PropertyValueSpecification","valueRequired":true,"valueName":"search_term_string"}}],"inLanguage":"pt-PT"},{"@type":"Organization","@id":"https:\/\/softstepshoes.com\/#organization","name":"Sapatos de salto alto","url":"https:\/\/softstepshoes.com\/","logo":{"@type":"ImageObject","inLanguage":"pt-PT","@id":"https:\/\/softstepshoes.com\/#\/schema\/logo\/image\/","url":"https:\/\/softstepshoes.com\/wp-content\/uploads\/2024\/11\/logo.png","contentUrl":"https:\/\/softstepshoes.com\/wp-content\/uploads\/2024\/11\/logo.png","width":350,"height":108,"caption":"Softstepshoes"},"image":{"@id":"https:\/\/softstepshoes.com\/#\/schema\/logo\/image\/"}}]}},"jetpack_sharing_enabled":true,"_links":{"self":[{"href":"https:\/\/softstepshoes.com\/pt\/wp-json\/wp\/v2\/pages\/2032","targetHints":{"allow":["GET"]}}],"collection":[{"href":"https:\/\/softstepshoes.com\/pt\/wp-json\/wp\/v2\/pages"}],"about":[{"href":"https:\/\/softstepshoes.com\/pt\/wp-json\/wp\/v2\/types\/page"}],"author":[{"embeddable":true,"href":"https:\/\/softstepshoes.com\/pt\/wp-json\/wp\/v2\/users\/1"}],"replies":[{"embeddable":true,"href":"https:\/\/softstepshoes.com\/pt\/wp-json\/wp\/v2\/comments?post=2032"}],"version-history":[{"count":2,"href":"https:\/\/softstepshoes.com\/pt\/wp-json\/wp\/v2\/pages\/2032\/revisions"}],"predecessor-version":[{"id":2131,"href":"https:\/\/softstepshoes.com\/pt\/wp-json\/wp\/v2\/pages\/2032\/revisions\/2131"}],"wp:attachment":[{"href":"https:\/\/softstepshoes.com\/pt\/wp-json\/wp\/v2\/media?parent=2032"}],"curies":[{"name":"wp","href":"https:\/\/api.w.org\/{rel}","templated":true}]}}