{"id":2030,"date":"2024-11-09T17:17:28","date_gmt":"2024-11-09T17:17:28","guid":{"rendered":"https:\/\/softstepshoes.com\/?page_id=2030"},"modified":"2024-11-18T02:50:59","modified_gmt":"2024-11-18T02:50:59","slug":"aviso-de-compra","status":"publish","type":"page","link":"https:\/\/softstepshoes.com\/pt\/aviso-de-compra\/","title":{"rendered":"Aviso de compra"},"content":{"rendered":"<h4 class=\"wp-block-heading\">1. Informa\u00e7\u00f5es de car\u00e1cter geral<\/h4>\n\n\n\n<p>Obrigado por escolher os produtos Softstep. A nossa empresa dedica-se principalmente ao com\u00e9rcio B2B, oferecendo uma vasta gama de cal\u00e7ado, incluindo chinelos, tamancos, chinelos de dedo, botas de chuva e chinelos de algod\u00e3o feitos de PVC, EVA e outros materiais, tanto para uso dom\u00e9stico como para uso casual no exterior.<\/p>\n\n\n\n<h4 class=\"wp-block-heading\">2. Processo de encomenda<\/h4>\n\n\n\n<ul class=\"wp-block-list\">\n<li><strong>Registo<\/strong>: Antes de efetuar uma encomenda, \u00e9 necess\u00e1rio registar-se no nosso s\u00edtio Web (<a href=\"https:\/\/softstepshoes.com\/pt\/\" target=\"_blank\" rel=\"noreferrer noopener\">https:\/\/softstepshoes.com\/<\/a>). Forne\u00e7a informa\u00e7\u00f5es comerciais exactas durante o processo de registo.<\/li>\n\n\n\n<li><strong>Sele\u00e7\u00e3o de produtos<\/strong>: Navegue pelo nosso cat\u00e1logo de produtos e selecione os sapatos que lhe interessam. Pode encontrar descri\u00e7\u00f5es detalhadas dos produtos, incluindo materiais, tamanhos e cores.<\/li>\n\n\n\n<li><strong>Efetuar uma encomenda<\/strong>: Adicione os produtos selecionados ao carrinho de compras e proceda ao checkout. Durante este processo, reveja cuidadosamente os detalhes da sua encomenda, incluindo a quantidade, o pre\u00e7o e o endere\u00e7o de envio.<\/li>\n<\/ul>\n\n\n\n<h4 class=\"wp-block-heading\">3. Pagamento<\/h4>\n\n\n\n<ul class=\"wp-block-list\">\n<li>Aceitamos v\u00e1rios m\u00e9todos de pagamento. As op\u00e7\u00f5es de pagamento espec\u00edficas estar\u00e3o dispon\u00edveis durante o processo de checkout. Certifique-se de que efectua o pagamento dentro do prazo especificado para garantir o bom andamento da sua encomenda.<\/li>\n\n\n\n<li>Para encomendas de grande volume ou coopera\u00e7\u00e3o a longo prazo, tamb\u00e9m podemos discutir condi\u00e7\u00f5es de pagamento personalizadas com base em acordo m\u00fatuo.<\/li>\n<\/ul>\n\n\n\n<h4 class=\"wp-block-heading\">4. Expedi\u00e7\u00e3o<\/h4>\n\n\n\n<ul class=\"wp-block-list\">\n<li>O envio ser\u00e1 efectuado com base no endere\u00e7o de envio fornecido. Os prazos de envio podem variar consoante a sua localiza\u00e7\u00e3o e o m\u00e9todo de envio escolhido.<\/li>\n\n\n\n<li>Ser-lhe-\u00e1 fornecido um n\u00famero de rastreio assim que a encomenda for expedida, permitindo-lhe acompanhar o estado de expedi\u00e7\u00e3o dos seus produtos.<\/li>\n\n\n\n<li>Certifique-se de que existe algu\u00e9m dispon\u00edvel para receber a mercadoria no endere\u00e7o de envio durante o prazo de entrega previsto.<\/li>\n<\/ul>\n\n\n\n<h4 class=\"wp-block-heading\">5. Devolu\u00e7\u00f5es e trocas<\/h4>\n\n\n\n<ul class=\"wp-block-list\">\n<li>Por favor, verifique cuidadosamente os produtos aquando da sua rece\u00e7\u00e3o. Em caso de problemas de qualidade ou se os produtos n\u00e3o corresponderem \u00e0 descri\u00e7\u00e3o, contacte o nosso servi\u00e7o de apoio ao cliente no prazo de 30 dias \u00fateis.<\/li>\n\n\n\n<li>Para devolu\u00e7\u00f5es ou trocas, orient\u00e1-lo-emos ao longo do processo com base na situa\u00e7\u00e3o espec\u00edfica. Tenha em aten\u00e7\u00e3o que os produtos devem estar na sua embalagem original e sem terem sido utilizados.<\/li>\n<\/ul>\n\n\n\n<h4 class=\"wp-block-heading\">6. Servi\u00e7o de Apoio ao Cliente<\/h4>\n\n\n\n<ul class=\"wp-block-list\">\n<li>A nossa equipa de apoio ao cliente est\u00e1 dispon\u00edvel para o ajudar. Pode contactar-nos atrav\u00e9s de [endere\u00e7o de correio eletr\u00f3nico do servi\u00e7o de apoio ao cliente] ou [n\u00famero de telefone do servi\u00e7o de apoio ao cliente]. Responderemos \u00e0s suas quest\u00f5es o mais rapidamente poss\u00edvel.<\/li>\n\n\n\n<li>Estamos empenhados em fornecer-lhe produtos de alta qualidade e um servi\u00e7o excelente. Se tiver alguma sugest\u00e3o ou feedback, n\u00e3o hesite em contactar-nos.<\/li>\n<\/ul>\n\n\n\n<h4 class=\"wp-block-heading\">7. Propriedade intelectual e direitos de autor<\/h4>\n\n\n\n<ul class=\"wp-block-list\">\n<li>Todos os desenhos de produtos, log\u00f3tipos e conte\u00fados do nosso s\u00edtio Web est\u00e3o protegidos por leis de propriedade intelectual. Qualquer utiliza\u00e7\u00e3o ou reprodu\u00e7\u00e3o n\u00e3o autorizada \u00e9 estritamente proibida.<\/li>\n<\/ul>\n\n\n\n<h4 class=\"wp-block-heading\">8. Exonera\u00e7\u00e3o de responsabilidade<\/h4>\n\n\n\n<ul class=\"wp-block-list\">\n<li>Embora nos esforcemos por garantir a exatid\u00e3o das informa\u00e7\u00f5es sobre os produtos e a funcionalidade do s\u00edtio Web, n\u00e3o somos respons\u00e1veis por quaisquer danos indirectos, acidentais ou consequentes resultantes da utiliza\u00e7\u00e3o do nosso s\u00edtio Web ou dos nossos produtos.<\/li>\n\n\n\n<li>Reservamo-nos o direito de atualizar as precau\u00e7\u00f5es de compra e outros conte\u00fados do s\u00edtio Web em qualquer altura. Verifique regularmente se existem actualiza\u00e7\u00f5es.<\/li>\n<\/ul>\n\n\n<div class=\"wp-block-image\">\n<figure class=\"alignleft size-full\"><img loading=\"lazy\" decoding=\"async\" width=\"1920\" height=\"911\" src=\"https:\/\/softstepshoes.com\/wp-content\/uploads\/2024\/11\/1-2.jpg\" alt=\"\" class=\"wp-image-2186\" srcset=\"https:\/\/softstepshoes.com\/wp-content\/uploads\/2024\/11\/1-2.jpg 1920w, https:\/\/softstepshoes.com\/wp-content\/uploads\/2024\/11\/1-2-300x142.jpg 300w, https:\/\/softstepshoes.com\/wp-content\/uploads\/2024\/11\/1-2-1024x486.jpg 1024w, https:\/\/softstepshoes.com\/wp-content\/uploads\/2024\/11\/1-2-768x364.jpg 768w, https:\/\/softstepshoes.com\/wp-content\/uploads\/2024\/11\/1-2-1536x729.jpg 1536w, https:\/\/softstepshoes.com\/wp-content\/uploads\/2024\/11\/1-2-18x9.jpg 18w, https:\/\/softstepshoes.com\/wp-content\/uploads\/2024\/11\/1-2-600x285.jpg 600w, https:\/\/softstepshoes.com\/wp-content\/uploads\/2024\/11\/1-2-1x1.jpg 1w, https:\/\/softstepshoes.com\/wp-content\/uploads\/2024\/11\/1-2-10x5.jpg 10w\" sizes=\"auto, (max-width: 1920px) 100vw, 1920px\" \/><\/figure><\/div>\n\n<div class=\"wp-block-image\">\n<figure class=\"alignleft size-full\"><img loading=\"lazy\" decoding=\"async\" width=\"1900\" height=\"1167\" src=\"https:\/\/softstepshoes.com\/wp-content\/uploads\/2024\/11\/2-2.jpg\" alt=\"\" class=\"wp-image-2187\" srcset=\"https:\/\/softstepshoes.com\/wp-content\/uploads\/2024\/11\/2-2.jpg 1900w, https:\/\/softstepshoes.com\/wp-content\/uploads\/2024\/11\/2-2-300x184.jpg 300w, https:\/\/softstepshoes.com\/wp-content\/uploads\/2024\/11\/2-2-1024x629.jpg 1024w, https:\/\/softstepshoes.com\/wp-content\/uploads\/2024\/11\/2-2-768x472.jpg 768w, https:\/\/softstepshoes.com\/wp-content\/uploads\/2024\/11\/2-2-1536x943.jpg 1536w, https:\/\/softstepshoes.com\/wp-content\/uploads\/2024\/11\/2-2-18x12.jpg 18w, https:\/\/softstepshoes.com\/wp-content\/uploads\/2024\/11\/2-2-600x369.jpg 600w, https:\/\/softstepshoes.com\/wp-content\/uploads\/2024\/11\/2-2-1x1.jpg 1w, https:\/\/softstepshoes.com\/wp-content\/uploads\/2024\/11\/2-2-10x6.jpg 10w\" sizes=\"auto, (max-width: 1900px) 100vw, 1900px\" \/><\/figure><\/div>\n\n\n<figure class=\"wp-block-image size-full\"><img loading=\"lazy\" decoding=\"async\" width=\"1900\" height=\"1023\" src=\"https:\/\/softstepshoes.com\/wp-content\/uploads\/2024\/11\/3.jpg\" alt=\"\" class=\"wp-image-2188\" srcset=\"https:\/\/softstepshoes.com\/wp-content\/uploads\/2024\/11\/3.jpg 1900w, https:\/\/softstepshoes.com\/wp-content\/uploads\/2024\/11\/3-300x162.jpg 300w, https:\/\/softstepshoes.com\/wp-content\/uploads\/2024\/11\/3-1024x551.jpg 1024w, https:\/\/softstepshoes.com\/wp-content\/uploads\/2024\/11\/3-768x414.jpg 768w, https:\/\/softstepshoes.com\/wp-content\/uploads\/2024\/11\/3-1536x827.jpg 1536w, https:\/\/softstepshoes.com\/wp-content\/uploads\/2024\/11\/3-18x10.jpg 18w, https:\/\/softstepshoes.com\/wp-content\/uploads\/2024\/11\/3-600x323.jpg 600w, https:\/\/softstepshoes.com\/wp-content\/uploads\/2024\/11\/3-1x1.jpg 1w, https:\/\/softstepshoes.com\/wp-content\/uploads\/2024\/11\/3-10x5.jpg 10w\" sizes=\"auto, (max-width: 1900px) 100vw, 1900px\" \/><\/figure>\n\n\n<div class=\"wp-block-image\">\n<figure class=\"alignleft size-full\"><img loading=\"lazy\" decoding=\"async\" width=\"1900\" height=\"995\" src=\"https:\/\/softstepshoes.com\/wp-content\/uploads\/2024\/11\/4.jpg\" alt=\"\" class=\"wp-image-2189\" style=\"object-fit:cover\" srcset=\"https:\/\/softstepshoes.com\/wp-content\/uploads\/2024\/11\/4.jpg 1900w, https:\/\/softstepshoes.com\/wp-content\/uploads\/2024\/11\/4-300x157.jpg 300w, https:\/\/softstepshoes.com\/wp-content\/uploads\/2024\/11\/4-1024x536.jpg 1024w, https:\/\/softstepshoes.com\/wp-content\/uploads\/2024\/11\/4-768x402.jpg 768w, https:\/\/softstepshoes.com\/wp-content\/uploads\/2024\/11\/4-1536x804.jpg 1536w, https:\/\/softstepshoes.com\/wp-content\/uploads\/2024\/11\/4-18x9.jpg 18w, https:\/\/softstepshoes.com\/wp-content\/uploads\/2024\/11\/4-600x314.jpg 600w, https:\/\/softstepshoes.com\/wp-content\/uploads\/2024\/11\/4-1x1.jpg 1w, https:\/\/softstepshoes.com\/wp-content\/uploads\/2024\/11\/4-10x5.jpg 10w\" sizes=\"auto, (max-width: 1900px) 100vw, 1900px\" \/><\/figure><\/div>\n\n<div class=\"wp-block-image\">\n<figure class=\"alignleft size-full\"><img loading=\"lazy\" decoding=\"async\" width=\"1900\" height=\"1085\" src=\"https:\/\/softstepshoes.com\/wp-content\/uploads\/2024\/11\/5.jpg\" alt=\"\" class=\"wp-image-2190\" srcset=\"https:\/\/softstepshoes.com\/wp-content\/uploads\/2024\/11\/5.jpg 1900w, https:\/\/softstepshoes.com\/wp-content\/uploads\/2024\/11\/5-300x171.jpg 300w, https:\/\/softstepshoes.com\/wp-content\/uploads\/2024\/11\/5-1024x585.jpg 1024w, https:\/\/softstepshoes.com\/wp-content\/uploads\/2024\/11\/5-768x439.jpg 768w, https:\/\/softstepshoes.com\/wp-content\/uploads\/2024\/11\/5-1536x877.jpg 1536w, https:\/\/softstepshoes.com\/wp-content\/uploads\/2024\/11\/5-18x10.jpg 18w, https:\/\/softstepshoes.com\/wp-content\/uploads\/2024\/11\/5-600x343.jpg 600w, https:\/\/softstepshoes.com\/wp-content\/uploads\/2024\/11\/5-1x1.jpg 1w, https:\/\/softstepshoes.com\/wp-content\/uploads\/2024\/11\/5-10x6.jpg 10w\" sizes=\"auto, (max-width: 1900px) 100vw, 1900px\" \/><\/figure><\/div>","protected":false},"excerpt":{"rendered":"<p>1. Informa\u00e7\u00f5es gerais Obrigado por escolher os produtos Softstep. A nossa empresa centra-se principalmente no com\u00e9rcio B2B,.<\/p>","protected":false},"author":1,"featured_media":0,"parent":0,"menu_order":0,"comment_status":"closed","ping_status":"closed","template":"","meta":{"footnotes":""},"class_list":["post-2030","page","type-page","status-publish","hentry","_wholesalex wsx-wholesalex-product"],"yoast_head":"<!-- This site is optimized with the Yoast SEO Premium plugin v23.7 (Yoast SEO v23.7) - https:\/\/yoast.com\/wordpress\/plugins\/seo\/ -->\n<title>Shopping Notice - Softstepshoes<\/title>\n<meta name=\"robots\" content=\"index, follow, max-snippet:-1, max-image-preview:large, max-video-preview:-1\" \/>\n<link rel=\"canonical\" href=\"https:\/\/softstepshoes.com\/pt\/aviso-de-compra\/\" \/>\n<meta property=\"og:locale\" content=\"pt_PT\" \/>\n<meta property=\"og:type\" content=\"article\" \/>\n<meta property=\"og:title\" content=\"Shopping Notice\" \/>\n<meta property=\"og:description\" content=\"1. General Information Thank you for choosing Softstep products. Our company mainly focuses on B2B trade,.\" \/>\n<meta property=\"og:url\" content=\"https:\/\/softstepshoes.com\/pt\/aviso-de-compra\/\" \/>\n<meta property=\"og:site_name\" content=\"Softstepshoes\" \/>\n<meta property=\"article:modified_time\" content=\"2024-11-18T02:50:59+00:00\" \/>\n<meta property=\"og:image\" content=\"https:\/\/softstepshoes.com\/wp-content\/uploads\/2024\/11\/1-2.jpg\" \/>\n\t<meta property=\"og:image:width\" content=\"1920\" \/>\n\t<meta property=\"og:image:height\" content=\"911\" \/>\n\t<meta property=\"og:image:type\" content=\"image\/jpeg\" \/>\n<meta name=\"twitter:card\" content=\"summary_large_image\" \/>\n<meta name=\"twitter:label1\" content=\"Est. reading time\" \/>\n\t<meta name=\"twitter:data1\" content=\"2 minutos\" \/>\n<script type=\"application\/ld+json\" class=\"yoast-schema-graph\">{\"@context\":\"https:\/\/schema.org\",\"@graph\":[{\"@type\":\"WebPage\",\"@id\":\"https:\/\/softstepshoes.com\/shopping-notice\/\",\"url\":\"https:\/\/softstepshoes.com\/shopping-notice\/\",\"name\":\"Shopping Notice - Softstepshoes\",\"isPartOf\":{\"@id\":\"https:\/\/softstepshoes.com\/#website\"},\"primaryImageOfPage\":{\"@id\":\"https:\/\/softstepshoes.com\/shopping-notice\/#primaryimage\"},\"image\":{\"@id\":\"https:\/\/softstepshoes.com\/shopping-notice\/#primaryimage\"},\"thumbnailUrl\":\"https:\/\/softstepshoes.com\/wp-content\/uploads\/2024\/11\/1-2.jpg\",\"datePublished\":\"2024-11-09T17:17:28+00:00\",\"dateModified\":\"2024-11-18T02:50:59+00:00\",\"breadcrumb\":{\"@id\":\"https:\/\/softstepshoes.com\/shopping-notice\/#breadcrumb\"},\"inLanguage\":\"pt-PT\",\"potentialAction\":[{\"@type\":\"ReadAction\",\"target\":[\"https:\/\/softstepshoes.com\/shopping-notice\/\"]}]},{\"@type\":\"ImageObject\",\"inLanguage\":\"pt-PT\",\"@id\":\"https:\/\/softstepshoes.com\/shopping-notice\/#primaryimage\",\"url\":\"https:\/\/softstepshoes.com\/wp-content\/uploads\/2024\/11\/1-2.jpg\",\"contentUrl\":\"https:\/\/softstepshoes.com\/wp-content\/uploads\/2024\/11\/1-2.jpg\"},{\"@type\":\"BreadcrumbList\",\"@id\":\"https:\/\/softstepshoes.com\/shopping-notice\/#breadcrumb\",\"itemListElement\":[{\"@type\":\"ListItem\",\"position\":1,\"name\":\"Home\",\"item\":\"https:\/\/softstepshoes.com\/\"},{\"@type\":\"ListItem\",\"position\":2,\"name\":\"Shopping Notice\"}]},{\"@type\":\"WebSite\",\"@id\":\"https:\/\/softstepshoes.com\/#website\",\"url\":\"https:\/\/softstepshoes.com\/\",\"name\":\"Softstepshoes\",\"description\":\"\",\"publisher\":{\"@id\":\"https:\/\/softstepshoes.com\/#organization\"},\"potentialAction\":[{\"@type\":\"SearchAction\",\"target\":{\"@type\":\"EntryPoint\",\"urlTemplate\":\"https:\/\/softstepshoes.com\/?s={search_term_string}\"},\"query-input\":{\"@type\":\"PropertyValueSpecification\",\"valueRequired\":true,\"valueName\":\"search_term_string\"}}],\"inLanguage\":\"pt-PT\"},{\"@type\":\"Organization\",\"@id\":\"https:\/\/softstepshoes.com\/#organization\",\"name\":\"Softstepshoes\",\"url\":\"https:\/\/softstepshoes.com\/\",\"logo\":{\"@type\":\"ImageObject\",\"inLanguage\":\"pt-PT\",\"@id\":\"https:\/\/softstepshoes.com\/#\/schema\/logo\/image\/\",\"url\":\"https:\/\/softstepshoes.com\/wp-content\/uploads\/2024\/11\/logo.png\",\"contentUrl\":\"https:\/\/softstepshoes.com\/wp-content\/uploads\/2024\/11\/logo.png\",\"width\":350,\"height\":108,\"caption\":\"Softstepshoes\"},\"image\":{\"@id\":\"https:\/\/softstepshoes.com\/#\/schema\/logo\/image\/\"}}]}<\/script>\n<!-- \/ Yoast SEO Premium plugin. -->","yoast_head_json":{"title":"Aviso de compra - Softstepshoes","robots":{"index":"index","follow":"follow","max-snippet":"max-snippet:-1","max-image-preview":"max-image-preview:large","max-video-preview":"max-video-preview:-1"},"canonical":"https:\/\/softstepshoes.com\/pt\/aviso-de-compra\/","og_locale":"pt_PT","og_type":"article","og_title":"Shopping Notice","og_description":"1. General Information Thank you for choosing Softstep products. Our company mainly focuses on B2B trade,.","og_url":"https:\/\/softstepshoes.com\/pt\/aviso-de-compra\/","og_site_name":"Softstepshoes","article_modified_time":"2024-11-18T02:50:59+00:00","og_image":[{"width":1920,"height":911,"url":"https:\/\/softstepshoes.com\/wp-content\/uploads\/2024\/11\/1-2.jpg","type":"image\/jpeg"}],"twitter_card":"summary_large_image","twitter_misc":{"Est. reading time":"2 minutos"},"schema":{"@context":"https:\/\/schema.org","@graph":[{"@type":"WebPage","@id":"https:\/\/softstepshoes.com\/shopping-notice\/","url":"https:\/\/softstepshoes.com\/shopping-notice\/","name":"Aviso de compra - Softstepshoes","isPartOf":{"@id":"https:\/\/softstepshoes.com\/#website"},"primaryImageOfPage":{"@id":"https:\/\/softstepshoes.com\/shopping-notice\/#primaryimage"},"image":{"@id":"https:\/\/softstepshoes.com\/shopping-notice\/#primaryimage"},"thumbnailUrl":"https:\/\/softstepshoes.com\/wp-content\/uploads\/2024\/11\/1-2.jpg","datePublished":"2024-11-09T17:17:28+00:00","dateModified":"2024-11-18T02:50:59+00:00","breadcrumb":{"@id":"https:\/\/softstepshoes.com\/shopping-notice\/#breadcrumb"},"inLanguage":"pt-PT","potentialAction":[{"@type":"ReadAction","target":["https:\/\/softstepshoes.com\/shopping-notice\/"]}]},{"@type":"ImageObject","inLanguage":"pt-PT","@id":"https:\/\/softstepshoes.com\/shopping-notice\/#primaryimage","url":"https:\/\/softstepshoes.com\/wp-content\/uploads\/2024\/11\/1-2.jpg","contentUrl":"https:\/\/softstepshoes.com\/wp-content\/uploads\/2024\/11\/1-2.jpg"},{"@type":"BreadcrumbList","@id":"https:\/\/softstepshoes.com\/shopping-notice\/#breadcrumb","itemListElement":[{"@type":"ListItem","position":1,"name":"Home","item":"https:\/\/softstepshoes.com\/"},{"@type":"ListItem","position":2,"name":"Shopping Notice"}]},{"@type":"WebSite","@id":"https:\/\/softstepshoes.com\/#website","url":"https:\/\/softstepshoes.com\/","name":"Sapatos de salto alto","description":"","publisher":{"@id":"https:\/\/softstepshoes.com\/#organization"},"potentialAction":[{"@type":"SearchAction","target":{"@type":"EntryPoint","urlTemplate":"https:\/\/softstepshoes.com\/?s={search_term_string}"},"query-input":{"@type":"PropertyValueSpecification","valueRequired":true,"valueName":"search_term_string"}}],"inLanguage":"pt-PT"},{"@type":"Organization","@id":"https:\/\/softstepshoes.com\/#organization","name":"Sapatos de salto alto","url":"https:\/\/softstepshoes.com\/","logo":{"@type":"ImageObject","inLanguage":"pt-PT","@id":"https:\/\/softstepshoes.com\/#\/schema\/logo\/image\/","url":"https:\/\/softstepshoes.com\/wp-content\/uploads\/2024\/11\/logo.png","contentUrl":"https:\/\/softstepshoes.com\/wp-content\/uploads\/2024\/11\/logo.png","width":350,"height":108,"caption":"Softstepshoes"},"image":{"@id":"https:\/\/softstepshoes.com\/#\/schema\/logo\/image\/"}}]}},"jetpack_sharing_enabled":true,"_links":{"self":[{"href":"https:\/\/softstepshoes.com\/pt\/wp-json\/wp\/v2\/pages\/2030","targetHints":{"allow":["GET"]}}],"collection":[{"href":"https:\/\/softstepshoes.com\/pt\/wp-json\/wp\/v2\/pages"}],"about":[{"href":"https:\/\/softstepshoes.com\/pt\/wp-json\/wp\/v2\/types\/page"}],"author":[{"embeddable":true,"href":"https:\/\/softstepshoes.com\/pt\/wp-json\/wp\/v2\/users\/1"}],"replies":[{"embeddable":true,"href":"https:\/\/softstepshoes.com\/pt\/wp-json\/wp\/v2\/comments?post=2030"}],"version-history":[{"count":7,"href":"https:\/\/softstepshoes.com\/pt\/wp-json\/wp\/v2\/pages\/2030\/revisions"}],"predecessor-version":[{"id":2196,"href":"https:\/\/softstepshoes.com\/pt\/wp-json\/wp\/v2\/pages\/2030\/revisions\/2196"}],"wp:attachment":[{"href":"https:\/\/softstepshoes.com\/pt\/wp-json\/wp\/v2\/media?parent=2030"}],"curies":[{"name":"wp","href":"https:\/\/api.w.org\/{rel}","templated":true}]}}