{"id":533,"date":"2023-01-23T11:08:21","date_gmt":"2023-01-23T11:08:21","guid":{"rendered":"https:\/\/xstore.8theme.com\/elementor2\/kids-toys\/?post_type=product&#038;p=533"},"modified":"2024-11-09T16:55:00","modified_gmt":"2024-11-09T16:55:00","slug":"fiddler-lovender-camera","status":"publish","type":"product","link":"https:\/\/softstepshoes.com\/fr\/boutique\/fiddler-lovender-camera\/","title":{"rendered":"Cam\u00e9ra Fiddler Lovender"},"content":{"rendered":"<div data-elementor-type=\"wp-post\" data-elementor-id=\"533\" class=\"elementor elementor-533\" data-elementor-post-type=\"product\">\n\t\t\t\t\t\t<section class=\"elementor-section elementor-top-section elementor-element elementor-element-40b51e5 elementor-section-boxed elementor-section-height-default elementor-section-height-default\" data-id=\"40b51e5\" data-element_type=\"section\" data-settings=\"{&quot;background_background&quot;:&quot;classic&quot;}\">\n\t\t\t\t\t\t<div class=\"elementor-container elementor-column-gap-no\">\n\t\t\t\t\t<div class=\"elementor-column elementor-col-100 elementor-top-column elementor-element elementor-element-49a7725\" data-id=\"49a7725\" data-element_type=\"column\">\n\t\t\t<div class=\"elementor-widget-wrap elementor-element-populated\">\n\t\t\t\t\t\t<div class=\"elementor-element elementor-element-caa06d7 elementor-widget elementor-widget-heading\" data-id=\"caa06d7\" data-element_type=\"widget\" data-widget_type=\"heading.default\">\n\t\t\t\t<div class=\"elementor-widget-container\">\n\t\t\t\t\t<h2 class=\"elementor-heading-title elementor-size-default\">Un jouet d'accompagnement parfait pour votre enfant, pour jouer ou pour dormir.<\/h2>\t\t\t\t<\/div>\n\t\t\t\t<\/div>\n\t\t\t\t<section class=\"elementor-section elementor-inner-section elementor-element elementor-element-84860f9 elementor-section-content-middle elementor-section-boxed elementor-section-height-default elementor-section-height-default\" data-id=\"84860f9\" data-element_type=\"section\">\n\t\t\t\t\t\t<div class=\"elementor-container elementor-column-gap-default\">\n\t\t\t\t\t<div class=\"elementor-column elementor-col-50 elementor-inner-column elementor-element elementor-element-13accaa\" data-id=\"13accaa\" data-element_type=\"column\">\n\t\t\t<div class=\"elementor-widget-wrap elementor-element-populated\">\n\t\t\t\t\t\t<div class=\"elementor-element elementor-element-04d93a8 elementor-widget elementor-widget-heading\" data-id=\"04d93a8\" data-element_type=\"widget\" data-widget_type=\"heading.default\">\n\t\t\t\t<div class=\"elementor-widget-container\">\n\t\t\t\t\t<h2 class=\"elementor-heading-title elementor-size-default\">Caract\u00e9ristiques principales :<\/h2>\t\t\t\t<\/div>\n\t\t\t\t<\/div>\n\t\t\t\t<div class=\"elementor-element elementor-element-ca3bb70 elementor-icon-list--layout-traditional elementor-list-item-link-full_width elementor-widget elementor-widget-icon-list\" data-id=\"ca3bb70\" data-element_type=\"widget\" data-widget_type=\"icon-list.default\">\n\t\t\t\t<div class=\"elementor-widget-container\">\n\t\t\t\t\t\t\t<ul class=\"elementor-icon-list-items\">\n\t\t\t\t\t\t\t<li class=\"elementor-icon-list-item\">\n\t\t\t\t\t\t\t\t\t\t\t<span class=\"elementor-icon-list-icon\">\n\t\t\t\t\t\t\t<svg aria-hidden=\"true\" class=\"e-font-icon-svg e-fas-dot-circle\" viewbox=\"0 0 512 512\" xmlns=\"http:\/\/www.w3.org\/2000\/svg\"><path d=\"M256 8C119.033 8 8 119.033 8 256s111.033 248 248 248 248-111.033 248-248S392.967 8 256 8zm80 248c0 44.112-35.888 80-80 80s-80-35.888-80-80 35.888-80 80-80 80 35.888 80 80z\"><\/path><\/svg>\t\t\t\t\t\t<\/span>\n\t\t\t\t\t\t\t\t\t\t<span class=\"elementor-icon-list-text\">Les mat\u00e9riaux les plus fins pour un confort douillet <\/span>\n\t\t\t\t\t\t\t\t\t<\/li>\n\t\t\t\t\t\t\t\t<li class=\"elementor-icon-list-item\">\n\t\t\t\t\t\t\t\t\t\t\t<span class=\"elementor-icon-list-icon\">\n\t\t\t\t\t\t\t<svg aria-hidden=\"true\" class=\"e-font-icon-svg e-fas-dot-circle\" viewbox=\"0 0 512 512\" xmlns=\"http:\/\/www.w3.org\/2000\/svg\"><path d=\"M256 8C119.033 8 8 119.033 8 256s111.033 248 248 248 248-111.033 248-248S392.967 8 256 8zm80 248c0 44.112-35.888 80-80 80s-80-35.888-80-80 35.888-80 80-80 80 35.888 80 80z\"><\/path><\/svg>\t\t\t\t\t\t<\/span>\n\t\t\t\t\t\t\t\t\t\t<span class=\"elementor-icon-list-text\">Fabriqu\u00e9 en fibre de poly\u00e9thyl\u00e8ne super non toxique et doux \u00e0 l'int\u00e9rieur <\/span>\n\t\t\t\t\t\t\t\t\t<\/li>\n\t\t\t\t\t\t\t\t<li class=\"elementor-icon-list-item\">\n\t\t\t\t\t\t\t\t\t\t\t<span class=\"elementor-icon-list-icon\">\n\t\t\t\t\t\t\t<svg aria-hidden=\"true\" class=\"e-font-icon-svg e-fas-dot-circle\" viewbox=\"0 0 512 512\" xmlns=\"http:\/\/www.w3.org\/2000\/svg\"><path d=\"M256 8C119.033 8 8 119.033 8 256s111.033 248 248 248 248-111.033 248-248S392.967 8 256 8zm80 248c0 44.112-35.888 80-80 80s-80-35.888-80-80 35.888-80 80-80 80 35.888 80 80z\"><\/path><\/svg>\t\t\t\t\t\t<\/span>\n\t\t\t\t\t\t\t\t\t\t<span class=\"elementor-icon-list-text\">Un excellent choix pour accompagner les enfants <\/span>\n\t\t\t\t\t\t\t\t\t<\/li>\n\t\t\t\t\t\t\t\t<li class=\"elementor-icon-list-item\">\n\t\t\t\t\t\t\t\t\t\t\t<span class=\"elementor-icon-list-icon\">\n\t\t\t\t\t\t\t<svg aria-hidden=\"true\" class=\"e-font-icon-svg e-fas-dot-circle\" viewbox=\"0 0 512 512\" xmlns=\"http:\/\/www.w3.org\/2000\/svg\"><path d=\"M256 8C119.033 8 8 119.033 8 256s111.033 248 248 248 248-111.033 248-248S392.967 8 256 8zm80 248c0 44.112-35.888 80-80 80s-80-35.888-80-80 35.888-80 80-80 80 35.888 80 80z\"><\/path><\/svg>\t\t\t\t\t\t<\/span>\n\t\t\t\t\t\t\t\t\t\t<span class=\"elementor-icon-list-text\">Tr\u00e8s doux et adorable, c'est un tr\u00e8s beau cadeau. <\/span>\n\t\t\t\t\t\t\t\t\t<\/li>\n\t\t\t\t\t\t\t\t<li class=\"elementor-icon-list-item\">\n\t\t\t\t\t\t\t\t\t\t\t<span class=\"elementor-icon-list-icon\">\n\t\t\t\t\t\t\t<svg aria-hidden=\"true\" class=\"e-font-icon-svg e-fas-dot-circle\" viewbox=\"0 0 512 512\" xmlns=\"http:\/\/www.w3.org\/2000\/svg\"><path d=\"M256 8C119.033 8 8 119.033 8 256s111.033 248 248 248 248-111.033 248-248S392.967 8 256 8zm80 248c0 44.112-35.888 80-80 80s-80-35.888-80-80 35.888-80 80-80 80 35.888 80 80z\"><\/path><\/svg>\t\t\t\t\t\t<\/span>\n\t\t\t\t\t\t\t\t\t\t<span class=\"elementor-icon-list-text\">Le jouet est livr\u00e9 avec un sac qui peut \u00eatre utilis\u00e9 pour le ranger.<\/span>\n\t\t\t\t\t\t\t\t\t<\/li>\n\t\t\t\t\t\t<\/ul>\n\t\t\t\t\t\t<\/div>\n\t\t\t\t<\/div>\n\t\t\t\t<div class=\"elementor-element elementor-element-1e25ed6 elementor-widget elementor-widget-heading\" data-id=\"1e25ed6\" data-element_type=\"widget\" data-widget_type=\"heading.default\">\n\t\t\t\t<div class=\"elementor-widget-container\">\n\t\t\t\t\t<h2 class=\"elementor-heading-title elementor-size-default\">Sp\u00e9cifications :<\/h2>\t\t\t\t<\/div>\n\t\t\t\t<\/div>\n\t\t\t\t<div class=\"elementor-element elementor-element-fa7db7f elementor-icon-list--layout-traditional elementor-list-item-link-full_width elementor-widget elementor-widget-icon-list\" data-id=\"fa7db7f\" data-element_type=\"widget\" data-widget_type=\"icon-list.default\">\n\t\t\t\t<div class=\"elementor-widget-container\">\n\t\t\t\t\t\t\t<ul class=\"elementor-icon-list-items\">\n\t\t\t\t\t\t\t<li class=\"elementor-icon-list-item\">\n\t\t\t\t\t\t\t\t\t\t\t<span class=\"elementor-icon-list-icon\">\n\t\t\t\t\t\t\t<svg aria-hidden=\"true\" class=\"e-font-icon-svg e-fas-dot-circle\" viewbox=\"0 0 512 512\" xmlns=\"http:\/\/www.w3.org\/2000\/svg\"><path d=\"M256 8C119.033 8 8 119.033 8 256s111.033 248 248 248 248-111.033 248-248S392.967 8 256 8zm80 248c0 44.112-35.888 80-80 80s-80-35.888-80-80 35.888-80 80-80 80 35.888 80 80z\"><\/path><\/svg>\t\t\t\t\t\t<\/span>\n\t\t\t\t\t\t\t\t\t\t<span class=\"elementor-icon-list-text\">Type - Jouet doux \u00e0 c\u00e2liner<\/span>\n\t\t\t\t\t\t\t\t\t<\/li>\n\t\t\t\t\t\t\t\t<li class=\"elementor-icon-list-item\">\n\t\t\t\t\t\t\t\t\t\t\t<span class=\"elementor-icon-list-icon\">\n\t\t\t\t\t\t\t<svg aria-hidden=\"true\" class=\"e-font-icon-svg e-fas-dot-circle\" viewbox=\"0 0 512 512\" xmlns=\"http:\/\/www.w3.org\/2000\/svg\"><path d=\"M256 8C119.033 8 8 119.033 8 256s111.033 248 248 248 248-111.033 248-248S392.967 8 256 8zm80 248c0 44.112-35.888 80-80 80s-80-35.888-80-80 35.888-80 80-80 80 35.888 80 80z\"><\/path><\/svg>\t\t\t\t\t\t<\/span>\n\t\t\t\t\t\t\t\t\t\t<span class=\"elementor-icon-list-text\">\u00c2ge - 2 ans ou plus<\/span>\n\t\t\t\t\t\t\t\t\t<\/li>\n\t\t\t\t\t\t\t\t<li class=\"elementor-icon-list-item\">\n\t\t\t\t\t\t\t\t\t\t\t<span class=\"elementor-icon-list-icon\">\n\t\t\t\t\t\t\t<svg aria-hidden=\"true\" class=\"e-font-icon-svg e-fas-dot-circle\" viewbox=\"0 0 512 512\" xmlns=\"http:\/\/www.w3.org\/2000\/svg\"><path d=\"M256 8C119.033 8 8 119.033 8 256s111.033 248 248 248 248-111.033 248-248S392.967 8 256 8zm80 248c0 44.112-35.888 80-80 80s-80-35.888-80-80 35.888-80 80-80 80 35.888 80 80z\"><\/path><\/svg>\t\t\t\t\t\t<\/span>\n\t\t\t\t\t\t\t\t\t\t<span class=\"elementor-icon-list-text\">Taille - 65 cm * 23 cm<\/span>\n\t\t\t\t\t\t\t\t\t<\/li>\n\t\t\t\t\t\t\t\t<li class=\"elementor-icon-list-item\">\n\t\t\t\t\t\t\t\t\t\t\t<span class=\"elementor-icon-list-icon\">\n\t\t\t\t\t\t\t<svg aria-hidden=\"true\" class=\"e-font-icon-svg e-fas-dot-circle\" viewbox=\"0 0 512 512\" xmlns=\"http:\/\/www.w3.org\/2000\/svg\"><path d=\"M256 8C119.033 8 8 119.033 8 256s111.033 248 248 248 248-111.033 248-248S392.967 8 256 8zm80 248c0 44.112-35.888 80-80 80s-80-35.888-80-80 35.888-80 80-80 80 35.888 80 80z\"><\/path><\/svg>\t\t\t\t\t\t<\/span>\n\t\t\t\t\t\t\t\t\t\t<span class=\"elementor-icon-list-text\">Mati\u00e8re - 100 % Fibre de polyester<\/span>\n\t\t\t\t\t\t\t\t\t<\/li>\n\t\t\t\t\t\t\t\t<li class=\"elementor-icon-list-item\">\n\t\t\t\t\t\t\t\t\t\t\t<span class=\"elementor-icon-list-icon\">\n\t\t\t\t\t\t\t<svg aria-hidden=\"true\" class=\"e-font-icon-svg e-fas-dot-circle\" viewbox=\"0 0 512 512\" xmlns=\"http:\/\/www.w3.org\/2000\/svg\"><path d=\"M256 8C119.033 8 8 119.033 8 256s111.033 248 248 248 248-111.033 248-248S392.967 8 256 8zm80 248c0 44.112-35.888 80-80 80s-80-35.888-80-80 35.888-80 80-80 80 35.888 80 80z\"><\/path><\/svg>\t\t\t\t\t\t<\/span>\n\t\t\t\t\t\t\t\t\t\t<span class=\"elementor-icon-list-text\">Mat\u00e9riau de remplissage - 100 Fourrure de polyester<\/span>\n\t\t\t\t\t\t\t\t\t<\/li>\n\t\t\t\t\t\t\t\t<li class=\"elementor-icon-list-item\">\n\t\t\t\t\t\t\t\t\t\t\t<span class=\"elementor-icon-list-icon\">\n\t\t\t\t\t\t\t<svg aria-hidden=\"true\" class=\"e-font-icon-svg e-fas-dot-circle\" viewbox=\"0 0 512 512\" xmlns=\"http:\/\/www.w3.org\/2000\/svg\"><path d=\"M256 8C119.033 8 8 119.033 8 256s111.033 248 248 248 248-111.033 248-248S392.967 8 256 8zm80 248c0 44.112-35.888 80-80 80s-80-35.888-80-80 35.888-80 80-80 80 35.888 80 80z\"><\/path><\/svg>\t\t\t\t\t\t<\/span>\n\t\t\t\t\t\t\t\t\t\t<span class=\"elementor-icon-list-text\">Dimension de l'emballage - L 32 x B 23 x H 17 cm<\/span>\n\t\t\t\t\t\t\t\t\t<\/li>\n\t\t\t\t\t\t<\/ul>\n\t\t\t\t\t\t<\/div>\n\t\t\t\t<\/div>\n\t\t\t\t\t<\/div>\n\t\t<\/div>\n\t\t\t\t<div class=\"elementor-column elementor-col-50 elementor-inner-column elementor-element elementor-element-1fdee1d\" data-id=\"1fdee1d\" data-element_type=\"column\">\n\t\t\t<div class=\"elementor-widget-wrap elementor-element-populated\">\n\t\t\t\t\t\t<div class=\"elementor-element elementor-element-6d848c5 elementor-widget elementor-widget-image\" data-id=\"6d848c5\" data-element_type=\"widget\" data-widget_type=\"image.default\">\n\t\t\t\t<div class=\"elementor-widget-container\">\n\t\t\t\t\t\t\t\t\t\t\t\t\t\t\t<img loading=\"lazy\" decoding=\"async\" width=\"530\" height=\"580\" src=\"https:\/\/softstepshoes.com\/wp-content\/uploads\/2023\/01\/Image-1.jpg\" class=\"attachment-full size-full wp-image-423\" alt=\"\" \/>\t\t\t\t\t\t\t\t\t\t\t\t\t\t\t<\/div>\n\t\t\t\t<\/div>\n\t\t\t\t\t<\/div>\n\t\t<\/div>\n\t\t\t\t\t<\/div>\n\t\t<\/section>\n\t\t\t\t\t<\/div>\n\t\t<\/div>\n\t\t\t\t\t<\/div>\n\t\t<\/section>\n\t\t\t\t<\/div>","protected":false},"excerpt":{"rendered":"<p>D'autre part, nous d\u00e9non\u00e7ons les justes d'indignations et d'aversions qui se laissent tellement s\u00e9duire par les charmes du plaisir du moment, plus t\u00f4t aveugl\u00e9s par le d\u00e9sir, qu'ils ne peuvent pr\u00e9voir les ennuis douloureux qui ne manqueront pas de s'ensuivre.<\/p>","protected":false},"featured_media":534,"comment_status":"open","ping_status":"closed","template":"","meta":[],"etheme_brands":[{"term_id":51,"name":"Brand 03","slug":"brand-03","term_group":0,"term_taxonomy_id":51,"taxonomy":"brand","description":"","parent":0,"count":4,"filter":"raw"}],"product_brand":[],"product_cat":[81,83,39,40,41,78,82],"product_tag":[34,36,37,38],"class_list":{"0":"post-533","1":"product","2":"type-product","3":"status-publish","4":"has-post-thumbnail","6":"brand-brand-03","7":"product_cat-african-style","8":"product_cat-brand-license","9":"product_cat-clogs","10":"product_cat-cotton-slippers","11":"product_cat-flip-flops","12":"product_cat-new-arrivalsn","13":"product_cat-south-american-style","14":"product_tag-accessories","15":"product_tag-light-grey","16":"product_tag-soft-toys","17":"product_tag-toys","18":"_wholesalex wsx-wholesalex-product","20":"first","21":"instock","22":"shipping-taxable","23":"purchasable","24":"product-type-simple"},"yoast_head":"<!-- This site is optimized with the Yoast SEO Premium plugin v23.7 (Yoast SEO v23.7) - https:\/\/yoast.com\/wordpress\/plugins\/seo\/ -->\n<title>Fiddler Lovender Camera - Softstepshoes<\/title>\n<meta name=\"robots\" content=\"index, follow, max-snippet:-1, max-image-preview:large, max-video-preview:-1\" \/>\n<link rel=\"canonical\" href=\"https:\/\/softstepshoes.com\/fr\/boutique\/fiddler-lovender-camera\/\" \/>\n<meta property=\"og:locale\" content=\"fr_FR\" \/>\n<meta property=\"og:type\" content=\"article\" \/>\n<meta property=\"og:title\" content=\"Fiddler Lovender Camera\" \/>\n<meta property=\"og:description\" content=\"On the other hands, we denounces withd righteous of indignations and dislikes who are so beguiled demoralize the charms of pleasure of the moment, sooner blinded by desire, that they cannot foresee the paining trouble that are bound to ensue blame.\" \/>\n<meta property=\"og:url\" content=\"https:\/\/softstepshoes.com\/fr\/boutique\/fiddler-lovender-camera\/\" \/>\n<meta property=\"og:site_name\" content=\"Softstepshoes\" \/>\n<meta property=\"article:modified_time\" content=\"2024-11-09T16:55:00+00:00\" \/>\n<meta property=\"og:image\" content=\"https:\/\/softstepshoes.com\/wp-content\/uploads\/2023\/01\/Image-product-13.1.jpg\" \/>\n\t<meta property=\"og:image:width\" content=\"726\" \/>\n\t<meta property=\"og:image:height\" content=\"726\" \/>\n\t<meta property=\"og:image:type\" content=\"image\/jpeg\" \/>\n<meta name=\"twitter:card\" content=\"summary_large_image\" \/>\n<meta name=\"twitter:label1\" content=\"Prix\" \/>\n\t<meta name=\"twitter:data1\" content=\"&#036;78.00\" \/>\n\t<meta name=\"twitter:label2\" content=\"Disponibilit\u00e9\" \/>\n\t<meta name=\"twitter:data2\" content=\"En stock\" \/>\n<script type=\"application\/ld+json\" class=\"yoast-schema-graph\">{\"@context\":\"https:\/\/schema.org\",\"@graph\":[{\"@type\":\"WebPage\",\"@id\":\"https:\/\/softstepshoes.com\/shop\/fiddler-lovender-camera\/\",\"url\":\"https:\/\/softstepshoes.com\/shop\/fiddler-lovender-camera\/\",\"name\":\"Fiddler Lovender Camera - Softstepshoes\",\"isPartOf\":{\"@id\":\"https:\/\/softstepshoes.com\/#website\"},\"primaryImageOfPage\":{\"@id\":\"https:\/\/softstepshoes.com\/shop\/fiddler-lovender-camera\/#primaryimage\"},\"image\":{\"@id\":\"https:\/\/softstepshoes.com\/shop\/fiddler-lovender-camera\/#primaryimage\"},\"thumbnailUrl\":\"https:\/\/softstepshoes.com\/wp-content\/uploads\/2023\/01\/Image-product-13.1.jpg\",\"datePublished\":\"2023-01-23T11:08:21+00:00\",\"dateModified\":\"2024-11-09T16:55:00+00:00\",\"breadcrumb\":{\"@id\":\"https:\/\/softstepshoes.com\/shop\/fiddler-lovender-camera\/#breadcrumb\"},\"inLanguage\":\"fr-FR\",\"potentialAction\":[{\"@type\":\"ReadAction\",\"target\":[\"https:\/\/softstepshoes.com\/shop\/fiddler-lovender-camera\/\"]}]},{\"@type\":\"ImageObject\",\"inLanguage\":\"fr-FR\",\"@id\":\"https:\/\/softstepshoes.com\/shop\/fiddler-lovender-camera\/#primaryimage\",\"url\":\"https:\/\/softstepshoes.com\/wp-content\/uploads\/2023\/01\/Image-product-13.1.jpg\",\"contentUrl\":\"https:\/\/softstepshoes.com\/wp-content\/uploads\/2023\/01\/Image-product-13.1.jpg\",\"width\":726,\"height\":726},{\"@type\":\"BreadcrumbList\",\"@id\":\"https:\/\/softstepshoes.com\/shop\/fiddler-lovender-camera\/#breadcrumb\",\"itemListElement\":[{\"@type\":\"ListItem\",\"position\":1,\"name\":\"Home\",\"item\":\"https:\/\/softstepshoes.com\/\"},{\"@type\":\"ListItem\",\"position\":2,\"name\":\"Shop\",\"item\":\"https:\/\/softstepshoes.com\/shop\/\"},{\"@type\":\"ListItem\",\"position\":3,\"name\":\"Fiddler Lovender Camera\"}]},{\"@type\":\"WebSite\",\"@id\":\"https:\/\/softstepshoes.com\/#website\",\"url\":\"https:\/\/softstepshoes.com\/\",\"name\":\"Softstepshoes\",\"description\":\"\",\"publisher\":{\"@id\":\"https:\/\/softstepshoes.com\/#organization\"},\"potentialAction\":[{\"@type\":\"SearchAction\",\"target\":{\"@type\":\"EntryPoint\",\"urlTemplate\":\"https:\/\/softstepshoes.com\/?s={search_term_string}\"},\"query-input\":{\"@type\":\"PropertyValueSpecification\",\"valueRequired\":true,\"valueName\":\"search_term_string\"}}],\"inLanguage\":\"fr-FR\"},{\"@type\":\"Organization\",\"@id\":\"https:\/\/softstepshoes.com\/#organization\",\"name\":\"Softstepshoes\",\"url\":\"https:\/\/softstepshoes.com\/\",\"logo\":{\"@type\":\"ImageObject\",\"inLanguage\":\"fr-FR\",\"@id\":\"https:\/\/softstepshoes.com\/#\/schema\/logo\/image\/\",\"url\":\"https:\/\/softstepshoes.com\/wp-content\/uploads\/2024\/11\/logo.png\",\"contentUrl\":\"https:\/\/softstepshoes.com\/wp-content\/uploads\/2024\/11\/logo.png\",\"width\":350,\"height\":108,\"caption\":\"Softstepshoes\"},\"image\":{\"@id\":\"https:\/\/softstepshoes.com\/#\/schema\/logo\/image\/\"}}]}<\/script>\n<meta property=\"product:price:amount\" content=\"78.00\" \/>\n<meta property=\"product:price:currency\" content=\"USD\" \/>\n<meta property=\"og:availability\" content=\"instock\" \/>\n<meta property=\"product:availability\" content=\"instock\" \/>\n<meta property=\"product:retailer_item_id\" content=\"878989\" \/>\n<meta property=\"product:condition\" content=\"new\" \/>\n<!-- \/ Yoast SEO Premium plugin. -->","yoast_head_json":{"title":"Cam\u00e9ra Fiddler Lovender - Softstepshoes","robots":{"index":"index","follow":"follow","max-snippet":"max-snippet:-1","max-image-preview":"max-image-preview:large","max-video-preview":"max-video-preview:-1"},"canonical":"https:\/\/softstepshoes.com\/fr\/boutique\/fiddler-lovender-camera\/","og_locale":"fr_FR","og_type":"article","og_title":"Fiddler Lovender Camera","og_description":"On the other hands, we denounces withd righteous of indignations and dislikes who are so beguiled demoralize the charms of pleasure of the moment, sooner blinded by desire, that they cannot foresee the paining trouble that are bound to ensue blame.","og_url":"https:\/\/softstepshoes.com\/fr\/boutique\/fiddler-lovender-camera\/","og_site_name":"Softstepshoes","article_modified_time":"2024-11-09T16:55:00+00:00","og_image":[{"width":726,"height":726,"url":"https:\/\/softstepshoes.com\/wp-content\/uploads\/2023\/01\/Image-product-13.1.jpg","type":"image\/jpeg"}],"twitter_card":"summary_large_image","twitter_misc":{"Prix":"&#36;78.00","Disponibilit\u00e9":"En stock"},"schema":{"@context":"https:\/\/schema.org","@graph":[{"@type":"WebPage","@id":"https:\/\/softstepshoes.com\/shop\/fiddler-lovender-camera\/","url":"https:\/\/softstepshoes.com\/shop\/fiddler-lovender-camera\/","name":"Cam\u00e9ra Fiddler Lovender - Softstepshoes","isPartOf":{"@id":"https:\/\/softstepshoes.com\/#website"},"primaryImageOfPage":{"@id":"https:\/\/softstepshoes.com\/shop\/fiddler-lovender-camera\/#primaryimage"},"image":{"@id":"https:\/\/softstepshoes.com\/shop\/fiddler-lovender-camera\/#primaryimage"},"thumbnailUrl":"https:\/\/softstepshoes.com\/wp-content\/uploads\/2023\/01\/Image-product-13.1.jpg","datePublished":"2023-01-23T11:08:21+00:00","dateModified":"2024-11-09T16:55:00+00:00","breadcrumb":{"@id":"https:\/\/softstepshoes.com\/shop\/fiddler-lovender-camera\/#breadcrumb"},"inLanguage":"fr-FR","potentialAction":[{"@type":"ReadAction","target":["https:\/\/softstepshoes.com\/shop\/fiddler-lovender-camera\/"]}]},{"@type":"ImageObject","inLanguage":"fr-FR","@id":"https:\/\/softstepshoes.com\/shop\/fiddler-lovender-camera\/#primaryimage","url":"https:\/\/softstepshoes.com\/wp-content\/uploads\/2023\/01\/Image-product-13.1.jpg","contentUrl":"https:\/\/softstepshoes.com\/wp-content\/uploads\/2023\/01\/Image-product-13.1.jpg","width":726,"height":726},{"@type":"BreadcrumbList","@id":"https:\/\/softstepshoes.com\/shop\/fiddler-lovender-camera\/#breadcrumb","itemListElement":[{"@type":"ListItem","position":1,"name":"Home","item":"https:\/\/softstepshoes.com\/"},{"@type":"ListItem","position":2,"name":"Shop","item":"https:\/\/softstepshoes.com\/shop\/"},{"@type":"ListItem","position":3,"name":"Fiddler Lovender Camera"}]},{"@type":"WebSite","@id":"https:\/\/softstepshoes.com\/#website","url":"https:\/\/softstepshoes.com\/","name":"Chaussures souples","description":"","publisher":{"@id":"https:\/\/softstepshoes.com\/#organization"},"potentialAction":[{"@type":"SearchAction","target":{"@type":"EntryPoint","urlTemplate":"https:\/\/softstepshoes.com\/?s={search_term_string}"},"query-input":{"@type":"PropertyValueSpecification","valueRequired":true,"valueName":"search_term_string"}}],"inLanguage":"fr-FR"},{"@type":"Organization","@id":"https:\/\/softstepshoes.com\/#organization","name":"Chaussures souples","url":"https:\/\/softstepshoes.com\/","logo":{"@type":"ImageObject","inLanguage":"fr-FR","@id":"https:\/\/softstepshoes.com\/#\/schema\/logo\/image\/","url":"https:\/\/softstepshoes.com\/wp-content\/uploads\/2024\/11\/logo.png","contentUrl":"https:\/\/softstepshoes.com\/wp-content\/uploads\/2024\/11\/logo.png","width":350,"height":108,"caption":"Softstepshoes"},"image":{"@id":"https:\/\/softstepshoes.com\/#\/schema\/logo\/image\/"}}]},"product_price_amount":"78.00","product_price_currency":"USD","og_availability":"instock","product_availability":"instock","product_retailer_item_id":"878989","product_condition":"new"},"jetpack_sharing_enabled":true,"_links":{"self":[{"href":"https:\/\/softstepshoes.com\/fr\/wp-json\/wp\/v2\/product\/533","targetHints":{"allow":["GET"]}}],"collection":[{"href":"https:\/\/softstepshoes.com\/fr\/wp-json\/wp\/v2\/product"}],"about":[{"href":"https:\/\/softstepshoes.com\/fr\/wp-json\/wp\/v2\/types\/product"}],"replies":[{"embeddable":true,"href":"https:\/\/softstepshoes.com\/fr\/wp-json\/wp\/v2\/comments?post=533"}],"version-history":[{"count":1,"href":"https:\/\/softstepshoes.com\/fr\/wp-json\/wp\/v2\/product\/533\/revisions"}],"predecessor-version":[{"id":2012,"href":"https:\/\/softstepshoes.com\/fr\/wp-json\/wp\/v2\/product\/533\/revisions\/2012"}],"wp:featuredmedia":[{"embeddable":true,"href":"https:\/\/softstepshoes.com\/fr\/wp-json\/wp\/v2\/media\/534"}],"wp:attachment":[{"href":"https:\/\/softstepshoes.com\/fr\/wp-json\/wp\/v2\/media?parent=533"}],"wp:term":[{"taxonomy":"brand","embeddable":true,"href":"https:\/\/softstepshoes.com\/fr\/wp-json\/wp\/v2\/etheme_brands?post=533"},{"taxonomy":"product_brand","embeddable":true,"href":"https:\/\/softstepshoes.com\/fr\/wp-json\/wp\/v2\/product_brand?post=533"},{"taxonomy":"product_cat","embeddable":true,"href":"https:\/\/softstepshoes.com\/fr\/wp-json\/wp\/v2\/product_cat?post=533"},{"taxonomy":"product_tag","embeddable":true,"href":"https:\/\/softstepshoes.com\/fr\/wp-json\/wp\/v2\/product_tag?post=533"}],"curies":[{"name":"wp","href":"https:\/\/api.w.org\/{rel}","templated":true}]}}