{"id":2036,"date":"2024-11-09T17:21:42","date_gmt":"2024-11-09T17:21:42","guid":{"rendered":"https:\/\/softstepshoes.com\/?page_id=2036"},"modified":"2024-11-09T17:21:42","modified_gmt":"2024-11-09T17:21:42","slug":"informations-sur-le-rappel-de-produits","status":"publish","type":"page","link":"https:\/\/softstepshoes.com\/fr\/informations-sur-le-rappel-de-produits\/","title":{"rendered":"Informations sur les rappels de produits"},"content":{"rendered":"<h4 class=\"wp-block-heading\">Introduction<\/h4>\n\n\n\n<p>Chez Softstep, la s\u00e9curit\u00e9 et la satisfaction de nos clients sont de la plus haute importance. Dans le cas improbable d'un rappel de produit, cette page vous fournira toutes les informations n\u00e9cessaires concernant le processus, les raisons et les actions \u00e0 entreprendre.<\/p>\n\n\n\n<h4 class=\"wp-block-heading\">Raisons du rappel de produits<\/h4>\n\n\n\n<ol class=\"wp-block-list\">\n<li><strong>Questions de s\u00e9curit\u00e9<\/strong><br>Si nous constatons qu'un produit peut pr\u00e9senter un risque pour la s\u00e9curit\u00e9 de l'utilisateur, comme des probl\u00e8mes potentiels li\u00e9s aux mat\u00e9riaux utilis\u00e9s (par exemple, pr\u00e9sence de substances nocives), \u00e0 l'int\u00e9grit\u00e9 structurelle (par exemple, pi\u00e8ces susceptibles de se briser lors d'une utilisation normale et de provoquer des blessures), ou tout autre facteur susceptible de mettre en danger le bien-\u00eatre de nos clients, nous proc\u00e9derons \u00e0 un rappel.<\/li>\n\n\n\n<li><strong>Non-respect des normes<\/strong><br>Dans les cas o\u00f9 nos produits ne r\u00e9pondent pas aux normes industrielles ou aux exigences r\u00e9glementaires, que ce soit au niveau national ou sur les march\u00e9s internationaux que nous desservons, un rappel sera effectu\u00e9. Cela permet de s'assurer que nos activit\u00e9s commerciales respectent les normes de qualit\u00e9 et les normes juridiques les plus strictes.<\/li>\n<\/ol>\n\n\n\n<h4 class=\"wp-block-heading\">Processus de rappel<\/h4>\n\n\n\n<ol class=\"wp-block-list\">\n<li><strong>Notification<\/strong><br>Une fois la d\u00e9cision de rappel prise, nous en informerons imm\u00e9diatement nos clients par le biais de diff\u00e9rents canaux. Nous enverrons notamment des courriels aux contacts professionnels enregistr\u00e9s associ\u00e9s aux commandes concern\u00e9es, nous publierons des annonces sur notre site web officiel (<a href=\"https:\/\/softstepshoes.com\/fr\/\" target=\"_blank\" rel=\"noreferrer noopener\">https:\/\/softstepshoes.com\/<\/a>) et, si possible, en vous contactant directement par t\u00e9l\u00e9phone pour les rappels hautement prioritaires. La notification indiquera clairement les d\u00e9tails du produit, y compris le num\u00e9ro de mod\u00e8le, le num\u00e9ro de lot (le cas \u00e9ch\u00e9ant) et une description du probl\u00e8me.<\/li>\n\n\n\n<li><strong>Instructions de retour<\/strong><br>Nous vous fournirons des instructions d\u00e9taill\u00e9es sur la mani\u00e8re de renvoyer les produits rappel\u00e9s. Il vous sera demand\u00e9 d'emballer les produits de mani\u00e8re s\u00e9curis\u00e9e afin d'\u00e9viter tout dommage suppl\u00e9mentaire pendant le transport. Joignez toute documentation pertinente, telle que les factures d'achat ou les num\u00e9ros de commande, le cas \u00e9ch\u00e9ant. L'adresse de retour sera clairement indiqu\u00e9e dans l'avis de rappel.<\/li>\n\n\n\n<li><strong>Arrangements en mati\u00e8re d'exp\u00e9dition<\/strong><br>Pour le retour des produits rappel\u00e9s, nous prendrons en charge les frais d'exp\u00e9dition. En fonction du volume et de la nature du rappel, nous pouvons fournir des \u00e9tiquettes d'exp\u00e9dition pr\u00e9pay\u00e9es ou organiser des services d'enl\u00e8vement. Notre \u00e9quipe du service client\u00e8le se tient \u00e0 votre disposition pour vous aider \u00e0 coordonner la proc\u00e9dure de retour.<\/li>\n<\/ol>\n\n\n\n<h4 class=\"wp-block-heading\">R\u00e9mun\u00e9ration et soutien<\/h4>\n\n\n\n<ol class=\"wp-block-list\">\n<li><strong>Remboursements ou remplacements<\/strong><br>D\u00e8s r\u00e9ception et v\u00e9rification des produits rappel\u00e9s retourn\u00e9s, nous proc\u00e9derons rapidement au remboursement. Si le produit fait partie d'une relation commerciale en cours, nous pouvons \u00e9galement discuter d'autres arrangements, tels que des remplacements de produits ou des cr\u00e9dits pour des achats futurs, en fonction de votre pr\u00e9f\u00e9rence et des circonstances sp\u00e9cifiques du rappel.<\/li>\n\n\n\n<li><strong>Soutien \u00e0 la client\u00e8le<\/strong><br>Notre \u00e9quipe de service \u00e0 la client\u00e8le sera \u00e0 votre disposition tout au long de la proc\u00e9dure de rappel pour r\u00e9pondre \u00e0 vos questions ou pr\u00e9occupations. Nous comprenons qu'un rappel de produit peut causer des d\u00e9sagr\u00e9ments et nous nous engageons \u00e0 minimiser l'impact sur vos op\u00e9rations commerciales. Vous pouvez nous joindre au [num\u00e9ro de t\u00e9l\u00e9phone du service client\u00e8le] ou \u00e0 l'[adresse \u00e9lectronique du service client\u00e8le].<\/li>\n<\/ol>\n\n\n\n<h4 class=\"wp-block-heading\">Mesures pr\u00e9ventives<\/h4>\n\n\n\n<p>Nous prenons les rappels de produits tr\u00e8s au s\u00e9rieux et les utilisons pour am\u00e9liorer notre contr\u00f4le de la qualit\u00e9 et nos processus de production. Apr\u00e8s un rappel, nous menons des enqu\u00eates approfondies pour identifier la cause premi\u00e8re du probl\u00e8me. Nous mettons ensuite en \u0153uvre des actions correctives pour \u00e9viter que des probl\u00e8mes similaires ne se reproduisent \u00e0 l'avenir. Il peut s'agir de changements dans l'approvisionnement en mati\u00e8res premi\u00e8res, dans les proc\u00e9dures de la cha\u00eene de production ou dans l'am\u00e9lioration des m\u00e9thodes de test des produits.<\/p>\n\n\n\n<p>Nous appr\u00e9cions votre coop\u00e9ration en cas de rappel de produits et restons d\u00e9termin\u00e9s \u00e0 vous fournir des produits s\u00fbrs et de haute qualit\u00e9 pour vos besoins professionnels.<\/p>","protected":false},"excerpt":{"rendered":"<p>Introduction Chez Softstep, la s\u00e9curit\u00e9 et la satisfaction de nos clients sont de la plus haute importance. Dans le.<\/p>","protected":false},"author":1,"featured_media":0,"parent":0,"menu_order":0,"comment_status":"closed","ping_status":"closed","template":"","meta":{"footnotes":""},"class_list":["post-2036","page","type-page","status-publish","hentry","_wholesalex wsx-wholesalex-product"],"yoast_head":"<!-- This site is optimized with the Yoast SEO Premium plugin v23.7 (Yoast SEO v23.7) - https:\/\/yoast.com\/wordpress\/plugins\/seo\/ -->\n<title>Product Recall Information - Softstepshoes<\/title>\n<meta name=\"robots\" content=\"index, follow, max-snippet:-1, max-image-preview:large, max-video-preview:-1\" \/>\n<link rel=\"canonical\" href=\"https:\/\/softstepshoes.com\/fr\/informations-sur-le-rappel-de-produits\/\" \/>\n<meta property=\"og:locale\" content=\"fr_FR\" \/>\n<meta property=\"og:type\" content=\"article\" \/>\n<meta property=\"og:title\" content=\"Product Recall Information\" \/>\n<meta property=\"og:description\" content=\"Introduction At Softstep, the safety and satisfaction of our customers are of utmost importance. In the.\" \/>\n<meta property=\"og:url\" content=\"https:\/\/softstepshoes.com\/fr\/informations-sur-le-rappel-de-produits\/\" \/>\n<meta property=\"og:site_name\" content=\"Softstepshoes\" \/>\n<meta name=\"twitter:card\" content=\"summary_large_image\" \/>\n<meta name=\"twitter:label1\" content=\"Dur\u00e9e de lecture estim\u00e9e\" \/>\n\t<meta name=\"twitter:data1\" content=\"3 minutes\" \/>\n<script type=\"application\/ld+json\" class=\"yoast-schema-graph\">{\"@context\":\"https:\/\/schema.org\",\"@graph\":[{\"@type\":\"WebPage\",\"@id\":\"https:\/\/softstepshoes.com\/product-recall-information\/\",\"url\":\"https:\/\/softstepshoes.com\/product-recall-information\/\",\"name\":\"Product Recall Information - Softstepshoes\",\"isPartOf\":{\"@id\":\"https:\/\/softstepshoes.com\/#website\"},\"datePublished\":\"2024-11-09T17:21:42+00:00\",\"dateModified\":\"2024-11-09T17:21:42+00:00\",\"breadcrumb\":{\"@id\":\"https:\/\/softstepshoes.com\/product-recall-information\/#breadcrumb\"},\"inLanguage\":\"fr-FR\",\"potentialAction\":[{\"@type\":\"ReadAction\",\"target\":[\"https:\/\/softstepshoes.com\/product-recall-information\/\"]}]},{\"@type\":\"BreadcrumbList\",\"@id\":\"https:\/\/softstepshoes.com\/product-recall-information\/#breadcrumb\",\"itemListElement\":[{\"@type\":\"ListItem\",\"position\":1,\"name\":\"Home\",\"item\":\"https:\/\/softstepshoes.com\/\"},{\"@type\":\"ListItem\",\"position\":2,\"name\":\"Product Recall Information\"}]},{\"@type\":\"WebSite\",\"@id\":\"https:\/\/softstepshoes.com\/#website\",\"url\":\"https:\/\/softstepshoes.com\/\",\"name\":\"Softstepshoes\",\"description\":\"\",\"publisher\":{\"@id\":\"https:\/\/softstepshoes.com\/#organization\"},\"potentialAction\":[{\"@type\":\"SearchAction\",\"target\":{\"@type\":\"EntryPoint\",\"urlTemplate\":\"https:\/\/softstepshoes.com\/?s={search_term_string}\"},\"query-input\":{\"@type\":\"PropertyValueSpecification\",\"valueRequired\":true,\"valueName\":\"search_term_string\"}}],\"inLanguage\":\"fr-FR\"},{\"@type\":\"Organization\",\"@id\":\"https:\/\/softstepshoes.com\/#organization\",\"name\":\"Softstepshoes\",\"url\":\"https:\/\/softstepshoes.com\/\",\"logo\":{\"@type\":\"ImageObject\",\"inLanguage\":\"fr-FR\",\"@id\":\"https:\/\/softstepshoes.com\/#\/schema\/logo\/image\/\",\"url\":\"https:\/\/softstepshoes.com\/wp-content\/uploads\/2024\/11\/logo.png\",\"contentUrl\":\"https:\/\/softstepshoes.com\/wp-content\/uploads\/2024\/11\/logo.png\",\"width\":350,\"height\":108,\"caption\":\"Softstepshoes\"},\"image\":{\"@id\":\"https:\/\/softstepshoes.com\/#\/schema\/logo\/image\/\"}}]}<\/script>\n<!-- \/ Yoast SEO Premium plugin. -->","yoast_head_json":{"title":"Information sur le rappel de produit - Softstepshoes","robots":{"index":"index","follow":"follow","max-snippet":"max-snippet:-1","max-image-preview":"max-image-preview:large","max-video-preview":"max-video-preview:-1"},"canonical":"https:\/\/softstepshoes.com\/fr\/informations-sur-le-rappel-de-produits\/","og_locale":"fr_FR","og_type":"article","og_title":"Product Recall Information","og_description":"Introduction At Softstep, the safety and satisfaction of our customers are of utmost importance. In the.","og_url":"https:\/\/softstepshoes.com\/fr\/informations-sur-le-rappel-de-produits\/","og_site_name":"Softstepshoes","twitter_card":"summary_large_image","twitter_misc":{"Dur\u00e9e de lecture estim\u00e9e":"3 minutes"},"schema":{"@context":"https:\/\/schema.org","@graph":[{"@type":"WebPage","@id":"https:\/\/softstepshoes.com\/product-recall-information\/","url":"https:\/\/softstepshoes.com\/product-recall-information\/","name":"Information sur le rappel de produit - Softstepshoes","isPartOf":{"@id":"https:\/\/softstepshoes.com\/#website"},"datePublished":"2024-11-09T17:21:42+00:00","dateModified":"2024-11-09T17:21:42+00:00","breadcrumb":{"@id":"https:\/\/softstepshoes.com\/product-recall-information\/#breadcrumb"},"inLanguage":"fr-FR","potentialAction":[{"@type":"ReadAction","target":["https:\/\/softstepshoes.com\/product-recall-information\/"]}]},{"@type":"BreadcrumbList","@id":"https:\/\/softstepshoes.com\/product-recall-information\/#breadcrumb","itemListElement":[{"@type":"ListItem","position":1,"name":"Home","item":"https:\/\/softstepshoes.com\/"},{"@type":"ListItem","position":2,"name":"Product Recall Information"}]},{"@type":"WebSite","@id":"https:\/\/softstepshoes.com\/#website","url":"https:\/\/softstepshoes.com\/","name":"Chaussures souples","description":"","publisher":{"@id":"https:\/\/softstepshoes.com\/#organization"},"potentialAction":[{"@type":"SearchAction","target":{"@type":"EntryPoint","urlTemplate":"https:\/\/softstepshoes.com\/?s={search_term_string}"},"query-input":{"@type":"PropertyValueSpecification","valueRequired":true,"valueName":"search_term_string"}}],"inLanguage":"fr-FR"},{"@type":"Organization","@id":"https:\/\/softstepshoes.com\/#organization","name":"Chaussures souples","url":"https:\/\/softstepshoes.com\/","logo":{"@type":"ImageObject","inLanguage":"fr-FR","@id":"https:\/\/softstepshoes.com\/#\/schema\/logo\/image\/","url":"https:\/\/softstepshoes.com\/wp-content\/uploads\/2024\/11\/logo.png","contentUrl":"https:\/\/softstepshoes.com\/wp-content\/uploads\/2024\/11\/logo.png","width":350,"height":108,"caption":"Softstepshoes"},"image":{"@id":"https:\/\/softstepshoes.com\/#\/schema\/logo\/image\/"}}]}},"jetpack_sharing_enabled":true,"_links":{"self":[{"href":"https:\/\/softstepshoes.com\/fr\/wp-json\/wp\/v2\/pages\/2036","targetHints":{"allow":["GET"]}}],"collection":[{"href":"https:\/\/softstepshoes.com\/fr\/wp-json\/wp\/v2\/pages"}],"about":[{"href":"https:\/\/softstepshoes.com\/fr\/wp-json\/wp\/v2\/types\/page"}],"author":[{"embeddable":true,"href":"https:\/\/softstepshoes.com\/fr\/wp-json\/wp\/v2\/users\/1"}],"replies":[{"embeddable":true,"href":"https:\/\/softstepshoes.com\/fr\/wp-json\/wp\/v2\/comments?post=2036"}],"version-history":[{"count":1,"href":"https:\/\/softstepshoes.com\/fr\/wp-json\/wp\/v2\/pages\/2036\/revisions"}],"predecessor-version":[{"id":2037,"href":"https:\/\/softstepshoes.com\/fr\/wp-json\/wp\/v2\/pages\/2036\/revisions\/2037"}],"wp:attachment":[{"href":"https:\/\/softstepshoes.com\/fr\/wp-json\/wp\/v2\/media?parent=2036"}],"curies":[{"name":"wp","href":"https:\/\/api.w.org\/{rel}","templated":true}]}}