{"id":2032,"date":"2024-11-09T17:19:15","date_gmt":"2024-11-09T17:19:15","guid":{"rendered":"https:\/\/softstepshoes.com\/?page_id=2032"},"modified":"2024-11-13T14:07:23","modified_gmt":"2024-11-13T14:07:23","slug":"guide-des-tailles","status":"publish","type":"page","link":"https:\/\/softstepshoes.com\/fr\/guide-des-tailles\/","title":{"rendered":"Guide des tailles"},"content":{"rendered":"<h4 class=\"wp-block-heading\">Introduction<\/h4>\n\n\n\n<p>Chez Softstep, nous comprenons l'importance de choisir la bonne pointure pour votre confort et votre satisfaction. Pour vous aider \u00e0 faire le meilleur choix, nous avons pr\u00e9par\u00e9 ce guide complet des tailles pour nos diff\u00e9rents types de chaussures.<\/p>\n\n\n\n<figure class=\"wp-block-image size-large\"><img loading=\"lazy\" decoding=\"async\" width=\"819\" height=\"1024\" src=\"https:\/\/softstepshoes.com\/wp-content\/uploads\/2024\/11\/1-819x1024.jpg\" alt=\"\" class=\"wp-image-2128\" srcset=\"https:\/\/softstepshoes.com\/wp-content\/uploads\/2024\/11\/1-819x1024.jpg 819w, https:\/\/softstepshoes.com\/wp-content\/uploads\/2024\/11\/1-240x300.jpg 240w, https:\/\/softstepshoes.com\/wp-content\/uploads\/2024\/11\/1-768x960.jpg 768w, https:\/\/softstepshoes.com\/wp-content\/uploads\/2024\/11\/1-1229x1536.jpg 1229w, https:\/\/softstepshoes.com\/wp-content\/uploads\/2024\/11\/1-1638x2048.jpg 1638w, https:\/\/softstepshoes.com\/wp-content\/uploads\/2024\/11\/1-10x12.jpg 10w, https:\/\/softstepshoes.com\/wp-content\/uploads\/2024\/11\/1-600x750.jpg 600w, https:\/\/softstepshoes.com\/wp-content\/uploads\/2024\/11\/1-1x1.jpg 1w, https:\/\/softstepshoes.com\/wp-content\/uploads\/2024\/11\/1-8x10.jpg 8w, https:\/\/softstepshoes.com\/wp-content\/uploads\/2024\/11\/1-scaled.jpg 2048w\" sizes=\"auto, (max-width: 819px) 100vw, 819px\" \/><\/figure>\n\n\n\n<figure class=\"wp-block-image size-large\"><img loading=\"lazy\" decoding=\"async\" width=\"1024\" height=\"620\" src=\"https:\/\/softstepshoes.com\/wp-content\/uploads\/2024\/11\/2-1024x620.jpg\" alt=\"\" class=\"wp-image-2130\" srcset=\"https:\/\/softstepshoes.com\/wp-content\/uploads\/2024\/11\/2-1024x620.jpg 1024w, https:\/\/softstepshoes.com\/wp-content\/uploads\/2024\/11\/2-300x182.jpg 300w, https:\/\/softstepshoes.com\/wp-content\/uploads\/2024\/11\/2-768x465.jpg 768w, https:\/\/softstepshoes.com\/wp-content\/uploads\/2024\/11\/2-1536x930.jpg 1536w, https:\/\/softstepshoes.com\/wp-content\/uploads\/2024\/11\/2-2048x1240.jpg 2048w, https:\/\/softstepshoes.com\/wp-content\/uploads\/2024\/11\/2-18x12.jpg 18w, https:\/\/softstepshoes.com\/wp-content\/uploads\/2024\/11\/2-600x363.jpg 600w, https:\/\/softstepshoes.com\/wp-content\/uploads\/2024\/11\/2-1x1.jpg 1w, https:\/\/softstepshoes.com\/wp-content\/uploads\/2024\/11\/2-10x6.jpg 10w\" sizes=\"auto, (max-width: 1024px) 100vw, 1024px\" \/><\/figure>\n\n\n\n<h4 class=\"wp-block-heading\">Guide des tailles de pantoufles<\/h4>\n\n\n\n<ul class=\"wp-block-list\">\n<li><strong>Mesure de la longueur<\/strong>: Mesurez la longueur de votre pied du talon \u00e0 l'orteil le plus long. Pour nos pantoufles, si la longueur de votre pied est comprise dans les fourchettes suivantes, vous pouvez choisir la taille correspondante :\n<ul class=\"wp-block-list\">\n<li>Taille 36 : Longueur du pied 230 - 235mm.<\/li>\n\n\n\n<li>Taille 37 : Longueur du pied 236 - 240mm.<\/li>\n\n\n\n<li>Taille 38 : Longueur du pied 241 - 245mm.<\/li>\n\n\n\n<li>Taille 39 : Longueur du pied 246 - 250mm.<\/li>\n\n\n\n<li>Taille 40 : Longueur du pied 251 - 255mm.<\/li>\n\n\n\n<li>Taille 41 : Longueur du pied 256 - 260 mm.<\/li>\n\n\n\n<li>Taille 42 : Longueur du pied 261 - 265mm.<\/li>\n\n\n\n<li>Taille 43 : Longueur du pied 266 - 270 mm.<\/li>\n\n\n\n<li>Taille 44 : Longueur du pied 271 - 275mm.<\/li>\n<\/ul>\n<\/li>\n\n\n\n<li><strong>Consid\u00e9ration de la largeur<\/strong>: Nos pantoufles ont g\u00e9n\u00e9ralement une largeur standard. Cependant, si vous avez des pieds particuli\u00e8rement larges ou \u00e9troits, veuillez contacter notre service client\u00e8le pour plus de conseils.<\/li>\n<\/ul>\n\n\n\n<h4 class=\"wp-block-heading\">Guide des tailles des sabots<\/h4>\n\n\n\n<ul class=\"wp-block-list\">\n<li><strong>Pour sabots \u00e0 brides r\u00e9glables<\/strong>:\n<ul class=\"wp-block-list\">\n<li>Mesurez la longueur de votre pied comme indiqu\u00e9 ci-dessus. Lors du choix de la pointure, gardez \u00e0 l'esprit que ces sabots sont r\u00e9glables. Si la longueur de votre pied est proche de la limite sup\u00e9rieure d'une pointure, la sangle r\u00e9glable peut apporter un confort suppl\u00e9mentaire et un meilleur ajustement. En voici un exemple :\n<ul class=\"wp-block-list\">\n<li>Sabot ajustable taille 36 - 37 : convient \u00e0 une longueur de pied de 230 - 240 mm.<\/li>\n\n\n\n<li>Sabot ajustable taille 38 - 39 : convient \u00e0 une longueur de pied de 241 \u00e0 250 mm.<\/li>\n\n\n\n<li>Sabot ajustable taille 40 - 41 : convient \u00e0 une longueur de pied de 251 \u00e0 260 mm.<\/li>\n\n\n\n<li>Sabot ajustable taille 42 - 43 : convient \u00e0 une longueur de pied de 261 \u00e0 270 mm.<\/li>\n<\/ul>\n<\/li>\n\n\n\n<li>La largeur de la semelle du sabot est con\u00e7ue pour s'adapter \u00e0 la plupart des largeurs de pied, mais l\u00e0 encore, si vous avez des exigences particuli\u00e8res en mati\u00e8re de largeur, n'h\u00e9sitez pas \u00e0 nous contacter.<\/li>\n<\/ul>\n<\/li>\n\n\n\n<li><strong>Pour les sabots r\u00e9guliers<\/strong>:\n<ul class=\"wp-block-list\">\n<li>Suivez le m\u00eame principe de mesure de la longueur du pied. Nos tailles de sabots habituelles sont les suivantes :\n<ul class=\"wp-block-list\">\n<li>Taille 36 : Longueur du pied 230 - 235mm.<\/li>\n\n\n\n<li>Taille 37 : Longueur du pied 236 - 240mm.<\/li>\n\n\n\n<li>Taille 38 : Longueur du pied 241 - 245mm.<\/li>\n\n\n\n<li>Taille 39 : Longueur du pied 246 - 250mm.<\/li>\n\n\n\n<li>Taille 40 : Longueur du pied 251 - 255mm.<\/li>\n\n\n\n<li>Taille 41 : Longueur du pied 256 - 260 mm.<\/li>\n\n\n\n<li>Taille 42 : Longueur du pied 261 - 265mm.<\/li>\n\n\n\n<li>Taille 43 : Longueur du pied 266 - 270 mm.<\/li>\n\n\n\n<li>Taille 44 : Longueur du pied 271 - 275mm.<\/li>\n<\/ul>\n<\/li>\n<\/ul>\n<\/li>\n<\/ul>\n\n\n\n<h4 class=\"wp-block-heading\">Guide des tailles de Flip - Flops<\/h4>\n\n\n\n<ul class=\"wp-block-list\">\n<li>Nos tongs sont disponibles dans des tailles standard bas\u00e9es sur la longueur du pied. Comme pour les pantoufles, les gammes de tailles sont les suivantes :\n<ul class=\"wp-block-list\">\n<li>Taille 36 : Longueur du pied 230 - 235mm.<\/li>\n\n\n\n<li>Taille 37 : Longueur du pied 236 - 240mm.<\/li>\n\n\n\n<li>Taille 38 : Longueur du pied 241 - 245mm.<\/li>\n\n\n\n<li>Taille 39 : Longueur du pied 246 - 250mm.<\/li>\n\n\n\n<li>Taille 40 : Longueur du pied 251 - 255mm.<\/li>\n\n\n\n<li>Taille 41 : Longueur du pied 256 - 260 mm.<\/li>\n\n\n\n<li>Taille 42 : Longueur du pied 261 - 265mm.<\/li>\n\n\n\n<li>Taille 43 : Longueur du pied 266 - 270 mm.<\/li>\n\n\n\n<li>Taille 44 : Longueur du pied 271 - 275mm.<\/li>\n<\/ul>\n<\/li>\n\n\n\n<li>Notez que la partie tong des tongs doit s'ajuster confortablement entre vos orteils, sans \u00eatre trop serr\u00e9e ou trop l\u00e2che.<\/li>\n<\/ul>\n\n\n\n<h4 class=\"wp-block-heading\">Guide des tailles de bottes de pluie<\/h4>\n\n\n\n<ul class=\"wp-block-list\">\n<li>Pour choisir la taille des bottes de pluie, mesurez la longueur de votre pied en portant les chaussettes les plus \u00e9paisses que vous pr\u00e9voyez de porter avec les bottes. Les gammes de tailles sont les suivantes :\n<ul class=\"wp-block-list\">\n<li>Taille 36 : Longueur du pied (avec chaussettes) 230 - 235mm.<\/li>\n\n\n\n<li>Taille 37 : Longueur du pied (avec chaussettes) 236 - 240mm.<\/li>\n\n\n\n<li>Taille 38 : Longueur du pied (avec chaussettes) 241 - 245mm.<\/li>\n\n\n\n<li>Taille 39 : Longueur du pied (avec chaussettes) 246 - 250mm.<\/li>\n\n\n\n<li>Taille 40 : Longueur du pied (avec chaussettes) 251 - 255mm.<\/li>\n\n\n\n<li>Taille 41 : Longueur du pied (avec chaussettes) 256 - 260 mm.<\/li>\n\n\n\n<li>Taille 42 : Longueur du pied (avec chaussettes) 261 - 265mm.<\/li>\n\n\n\n<li>Taille 43 : Longueur du pied (avec chaussettes) 266 - 270 mm.<\/li>\n\n\n\n<li>Taille 44 : Longueur du pied (avec chaussettes) 271 - 275mm.<\/li>\n<\/ul>\n<\/li>\n\n\n\n<li>Assurez-vous qu'il y a suffisamment d'espace dans la botte pour que vos pieds puissent bouger confortablement, en particulier au niveau du mollet si les bottes sont hautes.<\/li>\n<\/ul>\n\n\n\n<h4 class=\"wp-block-heading\">Guide des tailles des chaussons en coton<\/h4>\n\n\n\n<ul class=\"wp-block-list\">\n<li>Le choix de la taille des pantoufles en coton est similaire \u00e0 celui des pantoufles ordinaires. Mesurez la longueur de votre pied et reportez-vous au tableau des tailles suivant :\n<ul class=\"wp-block-list\">\n<li>Taille 36 : Longueur du pied 230 - 235mm.<\/li>\n\n\n\n<li>Taille 37 : Longueur du pied 236 - 240mm.<\/li>\n\n\n\n<li>Taille 38 : Longueur du pied 241 - 245mm.<\/li>\n\n\n\n<li>Taille 39 : Longueur du pied 246 - 250mm.<\/li>\n\n\n\n<li>Taille 40 : Longueur du pied 251 - 255mm.<\/li>\n\n\n\n<li>Taille 41 : Longueur du pied 256 - 260 mm.<\/li>\n\n\n\n<li>Taille 42 : Longueur du pied 261 - 265mm.<\/li>\n\n\n\n<li>Taille 43 : Longueur du pied 266 - 270 mm.<\/li>\n\n\n\n<li>Taille 44 : Longueur du pied 271 - 275mm.<\/li>\n<\/ul>\n<\/li>\n\n\n\n<li>La nature douce et chaude des pantoufles en coton signifie qu'un bon ajustement est crucial pour le confort pendant l'utilisation.<\/li>\n<\/ul>\n\n\n\n<h4 class=\"wp-block-heading\">Derniers conseils<\/h4>\n\n\n\n<ul class=\"wp-block-list\">\n<li>Si vous \u00eates entre deux tailles, nous recommandons g\u00e9n\u00e9ralement de choisir la taille sup\u00e9rieure pour un meilleur confort, en particulier pour les chaussures que vous pouvez porter avec des chaussettes.<\/li>\n\n\n\n<li>Si vous avez des doutes sur la taille, n'h\u00e9sitez pas \u00e0 contacter notre service client\u00e8le. Nous serons ravis de vous aider \u00e0 choisir la bonne taille pour vos chaussures Softstep.<\/li>\n<\/ul>","protected":false},"excerpt":{"rendered":"<p>Introduction Chez Softstep, nous comprenons l'importance d'avoir la bonne pointure pour votre confort.<\/p>","protected":false},"author":1,"featured_media":0,"parent":0,"menu_order":0,"comment_status":"closed","ping_status":"closed","template":"","meta":{"footnotes":""},"class_list":["post-2032","page","type-page","status-publish","hentry","_wholesalex wsx-wholesalex-product"],"yoast_head":"<!-- This site is optimized with the Yoast SEO Premium plugin v23.7 (Yoast SEO v23.7) - https:\/\/yoast.com\/wordpress\/plugins\/seo\/ -->\n<title>Size Guide - Softstepshoes<\/title>\n<meta name=\"robots\" content=\"index, follow, max-snippet:-1, max-image-preview:large, max-video-preview:-1\" \/>\n<link rel=\"canonical\" href=\"https:\/\/softstepshoes.com\/fr\/guide-des-tailles\/\" \/>\n<meta property=\"og:locale\" content=\"fr_FR\" \/>\n<meta property=\"og:type\" content=\"article\" \/>\n<meta property=\"og:title\" content=\"Size Guide\" \/>\n<meta property=\"og:description\" content=\"Introduction At Softstep, we understand the importance of getting the right shoe size for your comfort.\" \/>\n<meta property=\"og:url\" content=\"https:\/\/softstepshoes.com\/fr\/guide-des-tailles\/\" \/>\n<meta property=\"og:site_name\" content=\"Softstepshoes\" \/>\n<meta property=\"article:modified_time\" content=\"2024-11-13T14:07:23+00:00\" \/>\n<meta property=\"og:image\" content=\"https:\/\/softstepshoes.com\/wp-content\/uploads\/2024\/11\/1-scaled.jpg\" \/>\n\t<meta property=\"og:image:width\" content=\"2048\" \/>\n\t<meta property=\"og:image:height\" content=\"2560\" \/>\n\t<meta property=\"og:image:type\" content=\"image\/jpeg\" \/>\n<meta name=\"twitter:card\" content=\"summary_large_image\" \/>\n<meta name=\"twitter:label1\" content=\"Dur\u00e9e de lecture estim\u00e9e\" \/>\n\t<meta name=\"twitter:data1\" content=\"3 minutes\" \/>\n<script type=\"application\/ld+json\" class=\"yoast-schema-graph\">{\"@context\":\"https:\/\/schema.org\",\"@graph\":[{\"@type\":\"WebPage\",\"@id\":\"https:\/\/softstepshoes.com\/size-guide\/\",\"url\":\"https:\/\/softstepshoes.com\/size-guide\/\",\"name\":\"Size Guide - Softstepshoes\",\"isPartOf\":{\"@id\":\"https:\/\/softstepshoes.com\/#website\"},\"primaryImageOfPage\":{\"@id\":\"https:\/\/softstepshoes.com\/size-guide\/#primaryimage\"},\"image\":{\"@id\":\"https:\/\/softstepshoes.com\/size-guide\/#primaryimage\"},\"thumbnailUrl\":\"https:\/\/softstepshoes.com\/wp-content\/uploads\/2024\/11\/1-819x1024.jpg\",\"datePublished\":\"2024-11-09T17:19:15+00:00\",\"dateModified\":\"2024-11-13T14:07:23+00:00\",\"breadcrumb\":{\"@id\":\"https:\/\/softstepshoes.com\/size-guide\/#breadcrumb\"},\"inLanguage\":\"fr-FR\",\"potentialAction\":[{\"@type\":\"ReadAction\",\"target\":[\"https:\/\/softstepshoes.com\/size-guide\/\"]}]},{\"@type\":\"ImageObject\",\"inLanguage\":\"fr-FR\",\"@id\":\"https:\/\/softstepshoes.com\/size-guide\/#primaryimage\",\"url\":\"https:\/\/softstepshoes.com\/wp-content\/uploads\/2024\/11\/1-819x1024.jpg\",\"contentUrl\":\"https:\/\/softstepshoes.com\/wp-content\/uploads\/2024\/11\/1-819x1024.jpg\"},{\"@type\":\"BreadcrumbList\",\"@id\":\"https:\/\/softstepshoes.com\/size-guide\/#breadcrumb\",\"itemListElement\":[{\"@type\":\"ListItem\",\"position\":1,\"name\":\"Home\",\"item\":\"https:\/\/softstepshoes.com\/\"},{\"@type\":\"ListItem\",\"position\":2,\"name\":\"Size Guide\"}]},{\"@type\":\"WebSite\",\"@id\":\"https:\/\/softstepshoes.com\/#website\",\"url\":\"https:\/\/softstepshoes.com\/\",\"name\":\"Softstepshoes\",\"description\":\"\",\"publisher\":{\"@id\":\"https:\/\/softstepshoes.com\/#organization\"},\"potentialAction\":[{\"@type\":\"SearchAction\",\"target\":{\"@type\":\"EntryPoint\",\"urlTemplate\":\"https:\/\/softstepshoes.com\/?s={search_term_string}\"},\"query-input\":{\"@type\":\"PropertyValueSpecification\",\"valueRequired\":true,\"valueName\":\"search_term_string\"}}],\"inLanguage\":\"fr-FR\"},{\"@type\":\"Organization\",\"@id\":\"https:\/\/softstepshoes.com\/#organization\",\"name\":\"Softstepshoes\",\"url\":\"https:\/\/softstepshoes.com\/\",\"logo\":{\"@type\":\"ImageObject\",\"inLanguage\":\"fr-FR\",\"@id\":\"https:\/\/softstepshoes.com\/#\/schema\/logo\/image\/\",\"url\":\"https:\/\/softstepshoes.com\/wp-content\/uploads\/2024\/11\/logo.png\",\"contentUrl\":\"https:\/\/softstepshoes.com\/wp-content\/uploads\/2024\/11\/logo.png\",\"width\":350,\"height\":108,\"caption\":\"Softstepshoes\"},\"image\":{\"@id\":\"https:\/\/softstepshoes.com\/#\/schema\/logo\/image\/\"}}]}<\/script>\n<!-- \/ Yoast SEO Premium plugin. -->","yoast_head_json":{"title":"Guide des tailles - Softstepshoes","robots":{"index":"index","follow":"follow","max-snippet":"max-snippet:-1","max-image-preview":"max-image-preview:large","max-video-preview":"max-video-preview:-1"},"canonical":"https:\/\/softstepshoes.com\/fr\/guide-des-tailles\/","og_locale":"fr_FR","og_type":"article","og_title":"Size Guide","og_description":"Introduction At Softstep, we understand the importance of getting the right shoe size for your comfort.","og_url":"https:\/\/softstepshoes.com\/fr\/guide-des-tailles\/","og_site_name":"Softstepshoes","article_modified_time":"2024-11-13T14:07:23+00:00","og_image":[{"width":2048,"height":2560,"url":"https:\/\/softstepshoes.com\/wp-content\/uploads\/2024\/11\/1-scaled.jpg","type":"image\/jpeg"}],"twitter_card":"summary_large_image","twitter_misc":{"Dur\u00e9e de lecture estim\u00e9e":"3 minutes"},"schema":{"@context":"https:\/\/schema.org","@graph":[{"@type":"WebPage","@id":"https:\/\/softstepshoes.com\/size-guide\/","url":"https:\/\/softstepshoes.com\/size-guide\/","name":"Guide des tailles - Softstepshoes","isPartOf":{"@id":"https:\/\/softstepshoes.com\/#website"},"primaryImageOfPage":{"@id":"https:\/\/softstepshoes.com\/size-guide\/#primaryimage"},"image":{"@id":"https:\/\/softstepshoes.com\/size-guide\/#primaryimage"},"thumbnailUrl":"https:\/\/softstepshoes.com\/wp-content\/uploads\/2024\/11\/1-819x1024.jpg","datePublished":"2024-11-09T17:19:15+00:00","dateModified":"2024-11-13T14:07:23+00:00","breadcrumb":{"@id":"https:\/\/softstepshoes.com\/size-guide\/#breadcrumb"},"inLanguage":"fr-FR","potentialAction":[{"@type":"ReadAction","target":["https:\/\/softstepshoes.com\/size-guide\/"]}]},{"@type":"ImageObject","inLanguage":"fr-FR","@id":"https:\/\/softstepshoes.com\/size-guide\/#primaryimage","url":"https:\/\/softstepshoes.com\/wp-content\/uploads\/2024\/11\/1-819x1024.jpg","contentUrl":"https:\/\/softstepshoes.com\/wp-content\/uploads\/2024\/11\/1-819x1024.jpg"},{"@type":"BreadcrumbList","@id":"https:\/\/softstepshoes.com\/size-guide\/#breadcrumb","itemListElement":[{"@type":"ListItem","position":1,"name":"Home","item":"https:\/\/softstepshoes.com\/"},{"@type":"ListItem","position":2,"name":"Size Guide"}]},{"@type":"WebSite","@id":"https:\/\/softstepshoes.com\/#website","url":"https:\/\/softstepshoes.com\/","name":"Chaussures souples","description":"","publisher":{"@id":"https:\/\/softstepshoes.com\/#organization"},"potentialAction":[{"@type":"SearchAction","target":{"@type":"EntryPoint","urlTemplate":"https:\/\/softstepshoes.com\/?s={search_term_string}"},"query-input":{"@type":"PropertyValueSpecification","valueRequired":true,"valueName":"search_term_string"}}],"inLanguage":"fr-FR"},{"@type":"Organization","@id":"https:\/\/softstepshoes.com\/#organization","name":"Chaussures souples","url":"https:\/\/softstepshoes.com\/","logo":{"@type":"ImageObject","inLanguage":"fr-FR","@id":"https:\/\/softstepshoes.com\/#\/schema\/logo\/image\/","url":"https:\/\/softstepshoes.com\/wp-content\/uploads\/2024\/11\/logo.png","contentUrl":"https:\/\/softstepshoes.com\/wp-content\/uploads\/2024\/11\/logo.png","width":350,"height":108,"caption":"Softstepshoes"},"image":{"@id":"https:\/\/softstepshoes.com\/#\/schema\/logo\/image\/"}}]}},"jetpack_sharing_enabled":true,"_links":{"self":[{"href":"https:\/\/softstepshoes.com\/fr\/wp-json\/wp\/v2\/pages\/2032","targetHints":{"allow":["GET"]}}],"collection":[{"href":"https:\/\/softstepshoes.com\/fr\/wp-json\/wp\/v2\/pages"}],"about":[{"href":"https:\/\/softstepshoes.com\/fr\/wp-json\/wp\/v2\/types\/page"}],"author":[{"embeddable":true,"href":"https:\/\/softstepshoes.com\/fr\/wp-json\/wp\/v2\/users\/1"}],"replies":[{"embeddable":true,"href":"https:\/\/softstepshoes.com\/fr\/wp-json\/wp\/v2\/comments?post=2032"}],"version-history":[{"count":2,"href":"https:\/\/softstepshoes.com\/fr\/wp-json\/wp\/v2\/pages\/2032\/revisions"}],"predecessor-version":[{"id":2131,"href":"https:\/\/softstepshoes.com\/fr\/wp-json\/wp\/v2\/pages\/2032\/revisions\/2131"}],"wp:attachment":[{"href":"https:\/\/softstepshoes.com\/fr\/wp-json\/wp\/v2\/media?parent=2032"}],"curies":[{"name":"wp","href":"https:\/\/api.w.org\/{rel}","templated":true}]}}