{"id":2030,"date":"2024-11-09T17:17:28","date_gmt":"2024-11-09T17:17:28","guid":{"rendered":"https:\/\/softstepshoes.com\/?page_id=2030"},"modified":"2024-11-18T02:50:59","modified_gmt":"2024-11-18T02:50:59","slug":"avis-dachat","status":"publish","type":"page","link":"https:\/\/softstepshoes.com\/fr\/avis-dachat\/","title":{"rendered":"Avis d'achat"},"content":{"rendered":"<h4 class=\"wp-block-heading\">1. Informations g\u00e9n\u00e9rales<\/h4>\n\n\n\n<p>Merci d'avoir choisi les produits Softstep. Notre soci\u00e9t\u00e9 se concentre principalement sur le commerce interentreprises, offrant une large gamme de chaussures, y compris des pantoufles, sabots, tongs, bottes de pluie et pantoufles en coton en PVC, EVA et autres mat\u00e9riaux pour un usage domestique et ext\u00e9rieur occasionnel.<\/p>\n\n\n\n<h4 class=\"wp-block-heading\">2. Processus de commande<\/h4>\n\n\n\n<ul class=\"wp-block-list\">\n<li><strong>Inscription<\/strong>: Avant de passer une commande, vous devez vous inscrire sur notre site web (<a href=\"https:\/\/softstepshoes.com\/fr\/\" target=\"_blank\" rel=\"noreferrer noopener\">https:\/\/softstepshoes.com\/<\/a>). Veuillez fournir des informations commerciales exactes au cours de la proc\u00e9dure d'inscription.<\/li>\n\n\n\n<li><strong>S\u00e9lection des produits<\/strong>: Parcourez notre catalogue de produits et s\u00e9lectionnez les chaussures qui vous int\u00e9ressent. Vous trouverez des descriptions d\u00e9taill\u00e9es des produits, y compris les mat\u00e9riaux, les tailles et les couleurs.<\/li>\n\n\n\n<li><strong>Passer une commande<\/strong>: Ajoutez les produits s\u00e9lectionn\u00e9s au panier et passez \u00e0 la caisse. Au cours de cette proc\u00e9dure, v\u00e9rifiez soigneusement les d\u00e9tails de votre commande, notamment la quantit\u00e9, le prix et l'adresse de livraison.<\/li>\n<\/ul>\n\n\n\n<h4 class=\"wp-block-heading\">3. Paiement<\/h4>\n\n\n\n<ul class=\"wp-block-list\">\n<li>Nous acceptons plusieurs m\u00e9thodes de paiement. Les options de paiement sp\u00e9cifiques seront disponibles au cours du processus de paiement. Veillez \u00e0 effectuer le paiement dans les d\u00e9lais impartis afin de garantir le bon d\u00e9roulement de votre commande.<\/li>\n\n\n\n<li>Pour les commandes de gros volumes ou les coop\u00e9rations \u00e0 long terme, nous pouvons \u00e9galement discuter de conditions de paiement personnalis\u00e9es sur la base d'un accord mutuel.<\/li>\n<\/ul>\n\n\n\n<h4 class=\"wp-block-heading\">4. Exp\u00e9dition<\/h4>\n\n\n\n<ul class=\"wp-block-list\">\n<li>Nous organiserons l'exp\u00e9dition en fonction de l'adresse de livraison que vous avez fournie. Les d\u00e9lais d'exp\u00e9dition peuvent varier en fonction de votre localisation et de la m\u00e9thode d'exp\u00e9dition choisie.<\/li>\n\n\n\n<li>Vous recevrez un num\u00e9ro de suivi une fois la commande exp\u00e9di\u00e9e, ce qui vous permettra de suivre l'\u00e9tat d'avancement de l'exp\u00e9dition de vos marchandises.<\/li>\n\n\n\n<li>Veuillez vous assurer qu'une personne est disponible pour recevoir les marchandises \u00e0 l'adresse de livraison pendant le d\u00e9lai de livraison estim\u00e9.<\/li>\n<\/ul>\n\n\n\n<h4 class=\"wp-block-heading\">5. Retours et \u00e9changes<\/h4>\n\n\n\n<ul class=\"wp-block-list\">\n<li>Veuillez v\u00e9rifier soigneusement les produits d\u00e8s leur r\u00e9ception. En cas de probl\u00e8me de qualit\u00e9 ou si les produits ne correspondent pas \u00e0 la description, veuillez contacter notre service client\u00e8le dans les 30 jours ouvrables.<\/li>\n\n\n\n<li>Pour les retours ou les \u00e9changes, nous vous guiderons tout au long de la proc\u00e9dure en fonction de la situation sp\u00e9cifique. Veuillez noter que les produits doivent \u00eatre dans leur emballage d'origine et ne pas avoir \u00e9t\u00e9 utilis\u00e9s.<\/li>\n<\/ul>\n\n\n\n<h4 class=\"wp-block-heading\">6. Service \u00e0 la client\u00e8le<\/h4>\n\n\n\n<ul class=\"wp-block-list\">\n<li>Notre \u00e9quipe du service client\u00e8le est \u00e0 votre disposition pour vous aider. Vous pouvez nous contacter via [adresse \u00e9lectronique du service client\u00e8le] ou [num\u00e9ro de t\u00e9l\u00e9phone du service client\u00e8le]. Nous r\u00e9pondrons \u00e0 vos questions le plus rapidement possible.<\/li>\n\n\n\n<li>Nous nous engageons \u00e0 vous fournir des produits de haute qualit\u00e9 et un excellent service. Si vous avez des suggestions ou des commentaires, n'h\u00e9sitez pas \u00e0 nous en faire part.<\/li>\n<\/ul>\n\n\n\n<h4 class=\"wp-block-heading\">7. Propri\u00e9t\u00e9 intellectuelle et droits d'auteur<\/h4>\n\n\n\n<ul class=\"wp-block-list\">\n<li>Toutes les conceptions de produits, les logos et le contenu de notre site web sont prot\u00e9g\u00e9s par les lois sur la propri\u00e9t\u00e9 intellectuelle. Toute utilisation ou reproduction non autoris\u00e9e est strictement interdite.<\/li>\n<\/ul>\n\n\n\n<h4 class=\"wp-block-heading\">8. Clause de non-responsabilit\u00e9<\/h4>\n\n\n\n<ul class=\"wp-block-list\">\n<li>Bien que nous nous efforcions de garantir l'exactitude des informations sur les produits et la fonctionnalit\u00e9 du site web, nous ne sommes pas responsables des dommages indirects, accessoires ou cons\u00e9cutifs r\u00e9sultant de l'utilisation de notre site web ou de nos produits.<\/li>\n\n\n\n<li>Nous nous r\u00e9servons le droit de mettre \u00e0 jour les pr\u00e9cautions d'achat et autres contenus du site web \u00e0 tout moment. Nous vous invitons \u00e0 consulter r\u00e9guli\u00e8rement les mises \u00e0 jour.<\/li>\n<\/ul>\n\n\n<div class=\"wp-block-image\">\n<figure class=\"alignleft size-full\"><img loading=\"lazy\" decoding=\"async\" width=\"1920\" height=\"911\" src=\"https:\/\/softstepshoes.com\/wp-content\/uploads\/2024\/11\/1-2.jpg\" alt=\"\" class=\"wp-image-2186\" srcset=\"https:\/\/softstepshoes.com\/wp-content\/uploads\/2024\/11\/1-2.jpg 1920w, https:\/\/softstepshoes.com\/wp-content\/uploads\/2024\/11\/1-2-300x142.jpg 300w, https:\/\/softstepshoes.com\/wp-content\/uploads\/2024\/11\/1-2-1024x486.jpg 1024w, https:\/\/softstepshoes.com\/wp-content\/uploads\/2024\/11\/1-2-768x364.jpg 768w, https:\/\/softstepshoes.com\/wp-content\/uploads\/2024\/11\/1-2-1536x729.jpg 1536w, https:\/\/softstepshoes.com\/wp-content\/uploads\/2024\/11\/1-2-18x9.jpg 18w, https:\/\/softstepshoes.com\/wp-content\/uploads\/2024\/11\/1-2-600x285.jpg 600w, https:\/\/softstepshoes.com\/wp-content\/uploads\/2024\/11\/1-2-1x1.jpg 1w, https:\/\/softstepshoes.com\/wp-content\/uploads\/2024\/11\/1-2-10x5.jpg 10w\" sizes=\"auto, (max-width: 1920px) 100vw, 1920px\" \/><\/figure><\/div>\n\n<div class=\"wp-block-image\">\n<figure class=\"alignleft size-full\"><img loading=\"lazy\" decoding=\"async\" width=\"1900\" height=\"1167\" src=\"https:\/\/softstepshoes.com\/wp-content\/uploads\/2024\/11\/2-2.jpg\" alt=\"\" class=\"wp-image-2187\" srcset=\"https:\/\/softstepshoes.com\/wp-content\/uploads\/2024\/11\/2-2.jpg 1900w, https:\/\/softstepshoes.com\/wp-content\/uploads\/2024\/11\/2-2-300x184.jpg 300w, https:\/\/softstepshoes.com\/wp-content\/uploads\/2024\/11\/2-2-1024x629.jpg 1024w, https:\/\/softstepshoes.com\/wp-content\/uploads\/2024\/11\/2-2-768x472.jpg 768w, https:\/\/softstepshoes.com\/wp-content\/uploads\/2024\/11\/2-2-1536x943.jpg 1536w, https:\/\/softstepshoes.com\/wp-content\/uploads\/2024\/11\/2-2-18x12.jpg 18w, https:\/\/softstepshoes.com\/wp-content\/uploads\/2024\/11\/2-2-600x369.jpg 600w, https:\/\/softstepshoes.com\/wp-content\/uploads\/2024\/11\/2-2-1x1.jpg 1w, https:\/\/softstepshoes.com\/wp-content\/uploads\/2024\/11\/2-2-10x6.jpg 10w\" sizes=\"auto, (max-width: 1900px) 100vw, 1900px\" \/><\/figure><\/div>\n\n\n<figure class=\"wp-block-image size-full\"><img loading=\"lazy\" decoding=\"async\" width=\"1900\" height=\"1023\" src=\"https:\/\/softstepshoes.com\/wp-content\/uploads\/2024\/11\/3.jpg\" alt=\"\" class=\"wp-image-2188\" srcset=\"https:\/\/softstepshoes.com\/wp-content\/uploads\/2024\/11\/3.jpg 1900w, https:\/\/softstepshoes.com\/wp-content\/uploads\/2024\/11\/3-300x162.jpg 300w, https:\/\/softstepshoes.com\/wp-content\/uploads\/2024\/11\/3-1024x551.jpg 1024w, https:\/\/softstepshoes.com\/wp-content\/uploads\/2024\/11\/3-768x414.jpg 768w, https:\/\/softstepshoes.com\/wp-content\/uploads\/2024\/11\/3-1536x827.jpg 1536w, https:\/\/softstepshoes.com\/wp-content\/uploads\/2024\/11\/3-18x10.jpg 18w, https:\/\/softstepshoes.com\/wp-content\/uploads\/2024\/11\/3-600x323.jpg 600w, https:\/\/softstepshoes.com\/wp-content\/uploads\/2024\/11\/3-1x1.jpg 1w, https:\/\/softstepshoes.com\/wp-content\/uploads\/2024\/11\/3-10x5.jpg 10w\" sizes=\"auto, (max-width: 1900px) 100vw, 1900px\" \/><\/figure>\n\n\n<div class=\"wp-block-image\">\n<figure class=\"alignleft size-full\"><img loading=\"lazy\" decoding=\"async\" width=\"1900\" height=\"995\" src=\"https:\/\/softstepshoes.com\/wp-content\/uploads\/2024\/11\/4.jpg\" alt=\"\" class=\"wp-image-2189\" style=\"object-fit:cover\" srcset=\"https:\/\/softstepshoes.com\/wp-content\/uploads\/2024\/11\/4.jpg 1900w, https:\/\/softstepshoes.com\/wp-content\/uploads\/2024\/11\/4-300x157.jpg 300w, https:\/\/softstepshoes.com\/wp-content\/uploads\/2024\/11\/4-1024x536.jpg 1024w, https:\/\/softstepshoes.com\/wp-content\/uploads\/2024\/11\/4-768x402.jpg 768w, https:\/\/softstepshoes.com\/wp-content\/uploads\/2024\/11\/4-1536x804.jpg 1536w, https:\/\/softstepshoes.com\/wp-content\/uploads\/2024\/11\/4-18x9.jpg 18w, https:\/\/softstepshoes.com\/wp-content\/uploads\/2024\/11\/4-600x314.jpg 600w, https:\/\/softstepshoes.com\/wp-content\/uploads\/2024\/11\/4-1x1.jpg 1w, https:\/\/softstepshoes.com\/wp-content\/uploads\/2024\/11\/4-10x5.jpg 10w\" sizes=\"auto, (max-width: 1900px) 100vw, 1900px\" \/><\/figure><\/div>\n\n<div class=\"wp-block-image\">\n<figure class=\"alignleft size-full\"><img loading=\"lazy\" decoding=\"async\" width=\"1900\" height=\"1085\" src=\"https:\/\/softstepshoes.com\/wp-content\/uploads\/2024\/11\/5.jpg\" alt=\"\" class=\"wp-image-2190\" srcset=\"https:\/\/softstepshoes.com\/wp-content\/uploads\/2024\/11\/5.jpg 1900w, https:\/\/softstepshoes.com\/wp-content\/uploads\/2024\/11\/5-300x171.jpg 300w, https:\/\/softstepshoes.com\/wp-content\/uploads\/2024\/11\/5-1024x585.jpg 1024w, https:\/\/softstepshoes.com\/wp-content\/uploads\/2024\/11\/5-768x439.jpg 768w, https:\/\/softstepshoes.com\/wp-content\/uploads\/2024\/11\/5-1536x877.jpg 1536w, https:\/\/softstepshoes.com\/wp-content\/uploads\/2024\/11\/5-18x10.jpg 18w, https:\/\/softstepshoes.com\/wp-content\/uploads\/2024\/11\/5-600x343.jpg 600w, https:\/\/softstepshoes.com\/wp-content\/uploads\/2024\/11\/5-1x1.jpg 1w, https:\/\/softstepshoes.com\/wp-content\/uploads\/2024\/11\/5-10x6.jpg 10w\" sizes=\"auto, (max-width: 1900px) 100vw, 1900px\" \/><\/figure><\/div>","protected":false},"excerpt":{"rendered":"<p>1. Informations g\u00e9n\u00e9rales Merci d'avoir choisi les produits Softstep. Notre soci\u00e9t\u00e9 se concentre principalement sur le commerce B2B,.<\/p>","protected":false},"author":1,"featured_media":0,"parent":0,"menu_order":0,"comment_status":"closed","ping_status":"closed","template":"","meta":{"footnotes":""},"class_list":["post-2030","page","type-page","status-publish","hentry","_wholesalex wsx-wholesalex-product"],"yoast_head":"<!-- This site is optimized with the Yoast SEO Premium plugin v23.7 (Yoast SEO v23.7) - https:\/\/yoast.com\/wordpress\/plugins\/seo\/ -->\n<title>Shopping Notice - Softstepshoes<\/title>\n<meta name=\"robots\" content=\"index, follow, max-snippet:-1, max-image-preview:large, max-video-preview:-1\" \/>\n<link rel=\"canonical\" href=\"https:\/\/softstepshoes.com\/fr\/avis-dachat\/\" \/>\n<meta property=\"og:locale\" content=\"fr_FR\" \/>\n<meta property=\"og:type\" content=\"article\" \/>\n<meta property=\"og:title\" content=\"Shopping Notice\" \/>\n<meta property=\"og:description\" content=\"1. General Information Thank you for choosing Softstep products. Our company mainly focuses on B2B trade,.\" \/>\n<meta property=\"og:url\" content=\"https:\/\/softstepshoes.com\/fr\/avis-dachat\/\" \/>\n<meta property=\"og:site_name\" content=\"Softstepshoes\" \/>\n<meta property=\"article:modified_time\" content=\"2024-11-18T02:50:59+00:00\" \/>\n<meta property=\"og:image\" content=\"https:\/\/softstepshoes.com\/wp-content\/uploads\/2024\/11\/1-2.jpg\" \/>\n\t<meta property=\"og:image:width\" content=\"1920\" \/>\n\t<meta property=\"og:image:height\" content=\"911\" \/>\n\t<meta property=\"og:image:type\" content=\"image\/jpeg\" \/>\n<meta name=\"twitter:card\" content=\"summary_large_image\" \/>\n<meta name=\"twitter:label1\" content=\"Dur\u00e9e de lecture estim\u00e9e\" \/>\n\t<meta name=\"twitter:data1\" content=\"2 minutes\" \/>\n<script type=\"application\/ld+json\" class=\"yoast-schema-graph\">{\"@context\":\"https:\/\/schema.org\",\"@graph\":[{\"@type\":\"WebPage\",\"@id\":\"https:\/\/softstepshoes.com\/shopping-notice\/\",\"url\":\"https:\/\/softstepshoes.com\/shopping-notice\/\",\"name\":\"Shopping Notice - Softstepshoes\",\"isPartOf\":{\"@id\":\"https:\/\/softstepshoes.com\/#website\"},\"primaryImageOfPage\":{\"@id\":\"https:\/\/softstepshoes.com\/shopping-notice\/#primaryimage\"},\"image\":{\"@id\":\"https:\/\/softstepshoes.com\/shopping-notice\/#primaryimage\"},\"thumbnailUrl\":\"https:\/\/softstepshoes.com\/wp-content\/uploads\/2024\/11\/1-2.jpg\",\"datePublished\":\"2024-11-09T17:17:28+00:00\",\"dateModified\":\"2024-11-18T02:50:59+00:00\",\"breadcrumb\":{\"@id\":\"https:\/\/softstepshoes.com\/shopping-notice\/#breadcrumb\"},\"inLanguage\":\"fr-FR\",\"potentialAction\":[{\"@type\":\"ReadAction\",\"target\":[\"https:\/\/softstepshoes.com\/shopping-notice\/\"]}]},{\"@type\":\"ImageObject\",\"inLanguage\":\"fr-FR\",\"@id\":\"https:\/\/softstepshoes.com\/shopping-notice\/#primaryimage\",\"url\":\"https:\/\/softstepshoes.com\/wp-content\/uploads\/2024\/11\/1-2.jpg\",\"contentUrl\":\"https:\/\/softstepshoes.com\/wp-content\/uploads\/2024\/11\/1-2.jpg\"},{\"@type\":\"BreadcrumbList\",\"@id\":\"https:\/\/softstepshoes.com\/shopping-notice\/#breadcrumb\",\"itemListElement\":[{\"@type\":\"ListItem\",\"position\":1,\"name\":\"Home\",\"item\":\"https:\/\/softstepshoes.com\/\"},{\"@type\":\"ListItem\",\"position\":2,\"name\":\"Shopping Notice\"}]},{\"@type\":\"WebSite\",\"@id\":\"https:\/\/softstepshoes.com\/#website\",\"url\":\"https:\/\/softstepshoes.com\/\",\"name\":\"Softstepshoes\",\"description\":\"\",\"publisher\":{\"@id\":\"https:\/\/softstepshoes.com\/#organization\"},\"potentialAction\":[{\"@type\":\"SearchAction\",\"target\":{\"@type\":\"EntryPoint\",\"urlTemplate\":\"https:\/\/softstepshoes.com\/?s={search_term_string}\"},\"query-input\":{\"@type\":\"PropertyValueSpecification\",\"valueRequired\":true,\"valueName\":\"search_term_string\"}}],\"inLanguage\":\"fr-FR\"},{\"@type\":\"Organization\",\"@id\":\"https:\/\/softstepshoes.com\/#organization\",\"name\":\"Softstepshoes\",\"url\":\"https:\/\/softstepshoes.com\/\",\"logo\":{\"@type\":\"ImageObject\",\"inLanguage\":\"fr-FR\",\"@id\":\"https:\/\/softstepshoes.com\/#\/schema\/logo\/image\/\",\"url\":\"https:\/\/softstepshoes.com\/wp-content\/uploads\/2024\/11\/logo.png\",\"contentUrl\":\"https:\/\/softstepshoes.com\/wp-content\/uploads\/2024\/11\/logo.png\",\"width\":350,\"height\":108,\"caption\":\"Softstepshoes\"},\"image\":{\"@id\":\"https:\/\/softstepshoes.com\/#\/schema\/logo\/image\/\"}}]}<\/script>\n<!-- \/ Yoast SEO Premium plugin. -->","yoast_head_json":{"title":"Avis d'achat - Softstepshoes","robots":{"index":"index","follow":"follow","max-snippet":"max-snippet:-1","max-image-preview":"max-image-preview:large","max-video-preview":"max-video-preview:-1"},"canonical":"https:\/\/softstepshoes.com\/fr\/avis-dachat\/","og_locale":"fr_FR","og_type":"article","og_title":"Shopping Notice","og_description":"1. General Information Thank you for choosing Softstep products. Our company mainly focuses on B2B trade,.","og_url":"https:\/\/softstepshoes.com\/fr\/avis-dachat\/","og_site_name":"Softstepshoes","article_modified_time":"2024-11-18T02:50:59+00:00","og_image":[{"width":1920,"height":911,"url":"https:\/\/softstepshoes.com\/wp-content\/uploads\/2024\/11\/1-2.jpg","type":"image\/jpeg"}],"twitter_card":"summary_large_image","twitter_misc":{"Dur\u00e9e de lecture estim\u00e9e":"2 minutes"},"schema":{"@context":"https:\/\/schema.org","@graph":[{"@type":"WebPage","@id":"https:\/\/softstepshoes.com\/shopping-notice\/","url":"https:\/\/softstepshoes.com\/shopping-notice\/","name":"Avis d'achat - Softstepshoes","isPartOf":{"@id":"https:\/\/softstepshoes.com\/#website"},"primaryImageOfPage":{"@id":"https:\/\/softstepshoes.com\/shopping-notice\/#primaryimage"},"image":{"@id":"https:\/\/softstepshoes.com\/shopping-notice\/#primaryimage"},"thumbnailUrl":"https:\/\/softstepshoes.com\/wp-content\/uploads\/2024\/11\/1-2.jpg","datePublished":"2024-11-09T17:17:28+00:00","dateModified":"2024-11-18T02:50:59+00:00","breadcrumb":{"@id":"https:\/\/softstepshoes.com\/shopping-notice\/#breadcrumb"},"inLanguage":"fr-FR","potentialAction":[{"@type":"ReadAction","target":["https:\/\/softstepshoes.com\/shopping-notice\/"]}]},{"@type":"ImageObject","inLanguage":"fr-FR","@id":"https:\/\/softstepshoes.com\/shopping-notice\/#primaryimage","url":"https:\/\/softstepshoes.com\/wp-content\/uploads\/2024\/11\/1-2.jpg","contentUrl":"https:\/\/softstepshoes.com\/wp-content\/uploads\/2024\/11\/1-2.jpg"},{"@type":"BreadcrumbList","@id":"https:\/\/softstepshoes.com\/shopping-notice\/#breadcrumb","itemListElement":[{"@type":"ListItem","position":1,"name":"Home","item":"https:\/\/softstepshoes.com\/"},{"@type":"ListItem","position":2,"name":"Shopping Notice"}]},{"@type":"WebSite","@id":"https:\/\/softstepshoes.com\/#website","url":"https:\/\/softstepshoes.com\/","name":"Chaussures souples","description":"","publisher":{"@id":"https:\/\/softstepshoes.com\/#organization"},"potentialAction":[{"@type":"SearchAction","target":{"@type":"EntryPoint","urlTemplate":"https:\/\/softstepshoes.com\/?s={search_term_string}"},"query-input":{"@type":"PropertyValueSpecification","valueRequired":true,"valueName":"search_term_string"}}],"inLanguage":"fr-FR"},{"@type":"Organization","@id":"https:\/\/softstepshoes.com\/#organization","name":"Chaussures souples","url":"https:\/\/softstepshoes.com\/","logo":{"@type":"ImageObject","inLanguage":"fr-FR","@id":"https:\/\/softstepshoes.com\/#\/schema\/logo\/image\/","url":"https:\/\/softstepshoes.com\/wp-content\/uploads\/2024\/11\/logo.png","contentUrl":"https:\/\/softstepshoes.com\/wp-content\/uploads\/2024\/11\/logo.png","width":350,"height":108,"caption":"Softstepshoes"},"image":{"@id":"https:\/\/softstepshoes.com\/#\/schema\/logo\/image\/"}}]}},"jetpack_sharing_enabled":true,"_links":{"self":[{"href":"https:\/\/softstepshoes.com\/fr\/wp-json\/wp\/v2\/pages\/2030","targetHints":{"allow":["GET"]}}],"collection":[{"href":"https:\/\/softstepshoes.com\/fr\/wp-json\/wp\/v2\/pages"}],"about":[{"href":"https:\/\/softstepshoes.com\/fr\/wp-json\/wp\/v2\/types\/page"}],"author":[{"embeddable":true,"href":"https:\/\/softstepshoes.com\/fr\/wp-json\/wp\/v2\/users\/1"}],"replies":[{"embeddable":true,"href":"https:\/\/softstepshoes.com\/fr\/wp-json\/wp\/v2\/comments?post=2030"}],"version-history":[{"count":7,"href":"https:\/\/softstepshoes.com\/fr\/wp-json\/wp\/v2\/pages\/2030\/revisions"}],"predecessor-version":[{"id":2196,"href":"https:\/\/softstepshoes.com\/fr\/wp-json\/wp\/v2\/pages\/2030\/revisions\/2196"}],"wp:attachment":[{"href":"https:\/\/softstepshoes.com\/fr\/wp-json\/wp\/v2\/media?parent=2030"}],"curies":[{"name":"wp","href":"https:\/\/api.w.org\/{rel}","templated":true}]}}